{"id":47,"date":"2022-06-02T21:34:36","date_gmt":"2022-06-02T18:34:36","guid":{"rendered":"https:\/\/karina-home.productive.pp.ua\/?page_id=47"},"modified":"2025-04-25T16:32:33","modified_gmt":"2025-04-25T13:32:33","slug":"main","status":"publish","type":"page","link":"https:\/\/www.karinahome.lv\/en\/","title":{"rendered":"KARINA HOME &#8211; vieta, kur dz\u012bvo m\u012blest\u012bba"},"content":{"rendered":"\t\t<div data-elementor-type=\"wp-page\" data-elementor-id=\"47\" class=\"elementor elementor-47\" data-elementor-post-type=\"page\">\n\t\t\t\t\t\t<section class=\"elementor-section elementor-top-section elementor-element elementor-element-b9d9761 elementor-section-full_width elementor-section-height-min-height elementor-section-height-default elementor-section-items-middle\" data-id=\"b9d9761\" data-element_type=\"section\" data-e-type=\"section\" id=\"top\" data-settings=\"{&quot;background_background&quot;:&quot;classic&quot;,&quot;background_motion_fx_motion_fx_mouse&quot;:&quot;yes&quot;,&quot;background_motion_fx_mouseTrack_effect&quot;:&quot;yes&quot;,&quot;background_motion_fx_mouseTrack_speed&quot;:{&quot;unit&quot;:&quot;px&quot;,&quot;size&quot;:1,&quot;sizes&quot;:[]}}\">\n\t\t\t\t\t\t\t<div class=\"elementor-background-overlay\"><\/div>\n\t\t\t\t\t\t\t<div class=\"elementor-container elementor-column-gap-default\">\n\t\t\t\t\t<div class=\"elementor-column elementor-col-100 elementor-top-column elementor-element elementor-element-4d9ce31\" data-id=\"4d9ce31\" data-element_type=\"column\" data-e-type=\"column\">\n\t\t\t<div class=\"elementor-widget-wrap elementor-element-populated\">\n\t\t\t\t\t\t<div class=\"elementor-element elementor-element-6518b7c elementor-widget elementor-widget-html\" data-id=\"6518b7c\" data-element_type=\"widget\" data-e-type=\"widget\" data-widget_type=\"html.default\">\n\t\t\t\t<div class=\"elementor-widget-container\">\n\t\t\t\t\t<script>\r\n(function waitForWP() {\r\n  if (typeof wp !== 'undefined' && wp.i18n) {\r\n    wp.i18n.setLocaleData({ 'text direction\\u0004ltr': ['ltr'] });\r\n  } else {\r\n    setTimeout(waitForWP, 50); \/\/ keep checking until wp is defined\r\n  }\r\n})();\r\n<\/script>\r\n\t\t\t\t<\/div>\n\t\t\t\t<\/div>\n\t\t\t\t<div class=\"elementor-element elementor-element-813d760 elementor-invisible elementor-widget elementor-widget-heading\" data-id=\"813d760\" data-element_type=\"widget\" data-e-type=\"widget\" data-settings=\"{&quot;_animation&quot;:&quot;fadeInUp&quot;}\" data-widget_type=\"heading.default\">\n\t\t\t\t<div class=\"elementor-widget-container\">\n\t\t\t\t\t<h1 class=\"elementor-heading-title elementor-size-large\">Pavadi neaizmirstamus br\u012b\u017eus kop\u0101 ar mums!<\/h1>\t\t\t\t<\/div>\n\t\t\t\t<\/div>\n\t\t\t\t\t<\/div>\n\t\t<\/div>\n\t\t\t\t\t<\/div>\n\t\t<\/section>\n\t\t\t\t<section class=\"elementor-section elementor-top-section elementor-element elementor-element-5ddd8ed elementor-section-boxed elementor-section-height-default elementor-section-height-default elementor-invisible\" data-id=\"5ddd8ed\" data-element_type=\"section\" data-e-type=\"section\" data-settings=\"{&quot;animation&quot;:&quot;fadeInUp&quot;}\">\n\t\t\t\t\t\t<div class=\"elementor-container elementor-column-gap-default\">\n\t\t\t\t\t<div class=\"elementor-column elementor-col-50 elementor-top-column elementor-element elementor-element-5007861\" data-id=\"5007861\" data-element_type=\"column\" data-e-type=\"column\">\n\t\t\t<div class=\"elementor-widget-wrap elementor-element-populated\">\n\t\t\t\t\t\t<div class=\"elementor-element elementor-element-7a22128 elementor-widget elementor-widget-heading\" data-id=\"7a22128\" data-element_type=\"widget\" data-e-type=\"widget\" data-widget_type=\"heading.default\">\n\t\t\t\t<div class=\"elementor-widget-container\">\n\t\t\t\t\t<h2 class=\"elementor-heading-title elementor-size-default\">KARINA HOME<\/h2>\t\t\t\t<\/div>\n\t\t\t\t<\/div>\n\t\t\t\t<div class=\"elementor-element elementor-element-8acd871 elementor-widget elementor-widget-heading\" data-id=\"8acd871\" data-element_type=\"widget\" data-e-type=\"widget\" data-widget_type=\"heading.default\">\n\t\t\t\t<div class=\"elementor-widget-container\">\n\t\t\t\t\t<h2 class=\"elementor-heading-title elementor-size-default\">vieta, kur dz\u012bvo m\u012blest\u012bba<\/h2>\t\t\t\t<\/div>\n\t\t\t\t<\/div>\n\t\t\t\t<div class=\"elementor-element elementor-element-6b28ac0 elementor-widget elementor-widget-text-editor\" data-id=\"6b28ac0\" data-element_type=\"widget\" data-e-type=\"widget\" data-widget_type=\"text-editor.default\">\n\t\t\t\t<div class=\"elementor-widget-container\">\n\t\t\t\t\t\t\t\t\t<p>Ja j\u016bs mekl\u0113jat vietu, kur pavad\u012bt neaizmirstamus br\u012b\u017eus, atjaunoties gar\u012bgi un fiziski, laipni l\u016bdzam <strong>KARINA HOME<\/strong>.<\/p><p><strong>KARINA HOME<\/strong> atrodas Latgales sird\u012b, kur j\u016bs varat pavad\u012bt laiku ar sav\u0101m m\u012b\u013cajiem, \u0123imeni, draugiem un kol\u0113\u0123iem.<\/p><p><strong>KARINA HOME<\/strong> ir viesu nams, kas lieliski piem\u0113rots \u0123imenes sv\u0113tkiem, da\u017e\u0101d\u0101m meistarklas\u0113m, komandas veido\u0161anas aktivit\u0101t\u0113m un konferenc\u0113m.<\/p><p><strong>KARINA HOME<\/strong> r\u012bko savas konferences un meistarklases par da\u017e\u0101diem tematiem: \u201c\u0122imenes attiec\u012bbas\u201d, \u201cB\u0113rnu audzin\u0101\u0161ana\u201d, \u201cDz\u012bves v\u0113rt\u012bbas\u201d un citi pas\u0101kumi.<\/p><p><strong>KARINA HOME<\/strong> misija ir nodot zin\u0101\u0161anas cilv\u0113kiem par \u0123imenes un dz\u012bves v\u0113rt\u012bb\u0101m, vienojot, iedvesmojot un gar\u012bgi bag\u0101tinot cilv\u0113kus.<\/p><p>Laipni l\u016bdzam <strong>KARINA HOME<\/strong> \u2014 ide\u0101la vieta tiem, kas mekl\u0113 iesp\u0113ju atjaunoties un pavad\u012bt neaizmirstamus br\u012b\u017eus Latgales sird\u012b.<\/p>\t\t\t\t\t\t\t\t<\/div>\n\t\t\t\t<\/div>\n\t\t\t\t<div class=\"elementor-element elementor-element-3827e9c e-transform elementor-widget elementor-widget-image\" data-id=\"3827e9c\" data-element_type=\"widget\" data-e-type=\"widget\" data-settings=\"{&quot;_transform_translateX_effect&quot;:{&quot;unit&quot;:&quot;px&quot;,&quot;size&quot;:24,&quot;sizes&quot;:[]},&quot;_transform_translateX_effect_mobile&quot;:{&quot;unit&quot;:&quot;px&quot;,&quot;size&quot;:0,&quot;sizes&quot;:[]},&quot;_transform_translateX_effect_tablet&quot;:{&quot;unit&quot;:&quot;px&quot;,&quot;size&quot;:&quot;&quot;,&quot;sizes&quot;:[]},&quot;_transform_translateY_effect&quot;:{&quot;unit&quot;:&quot;px&quot;,&quot;size&quot;:&quot;&quot;,&quot;sizes&quot;:[]},&quot;_transform_translateY_effect_tablet&quot;:{&quot;unit&quot;:&quot;px&quot;,&quot;size&quot;:&quot;&quot;,&quot;sizes&quot;:[]},&quot;_transform_translateY_effect_mobile&quot;:{&quot;unit&quot;:&quot;px&quot;,&quot;size&quot;:&quot;&quot;,&quot;sizes&quot;:[]}}\" data-widget_type=\"image.default\">\n\t\t\t\t<div class=\"elementor-widget-container\">\n\t\t\t\t\t\t\t\t\t\t\t\t\t\t\t<img fetchpriority=\"high\" decoding=\"async\" width=\"640\" height=\"427\" src=\"https:\/\/www.karinahome.lv\/wp-content\/uploads\/img-20220527-wa0073-1024x683.jpg\" class=\"attachment-large size-large wp-image-439\" alt=\"\" srcset=\"https:\/\/www.karinahome.lv\/wp-content\/uploads\/img-20220527-wa0073-1024x683.jpg 1024w, https:\/\/www.karinahome.lv\/wp-content\/uploads\/img-20220527-wa0073-300x200.jpg 300w, https:\/\/www.karinahome.lv\/wp-content\/uploads\/img-20220527-wa0073-768x512.jpg 768w, https:\/\/www.karinahome.lv\/wp-content\/uploads\/img-20220527-wa0073.jpg 1500w\" sizes=\"(max-width: 640px) 100vw, 640px\" title=\"\">\t\t\t\t\t\t\t\t\t\t\t\t\t\t\t<\/div>\n\t\t\t\t<\/div>\n\t\t\t\t\t<\/div>\n\t\t<\/div>\n\t\t\t\t<div class=\"elementor-column elementor-col-50 elementor-top-column elementor-element elementor-element-325b85a\" data-id=\"325b85a\" data-element_type=\"column\" data-e-type=\"column\">\n\t\t\t<div class=\"elementor-widget-wrap elementor-element-populated\">\n\t\t\t\t\t\t<div class=\"elementor-element elementor-element-c7d71b7 elementor-hidden-mobile elementor-widget elementor-widget-image\" data-id=\"c7d71b7\" data-element_type=\"widget\" data-e-type=\"widget\" data-widget_type=\"image.default\">\n\t\t\t\t<div class=\"elementor-widget-container\">\n\t\t\t\t\t\t\t\t\t\t\t\t\t\t\t<img decoding=\"async\" width=\"640\" height=\"960\" src=\"https:\/\/www.karinahome.lv\/wp-content\/uploads\/img-20220527-wa0080-683x1024.jpg\" class=\"attachment-large size-large wp-image-446\" alt=\"\" srcset=\"https:\/\/www.karinahome.lv\/wp-content\/uploads\/img-20220527-wa0080-683x1024.jpg 683w, https:\/\/www.karinahome.lv\/wp-content\/uploads\/img-20220527-wa0080-200x300.jpg 200w, https:\/\/www.karinahome.lv\/wp-content\/uploads\/img-20220527-wa0080-768x1152.jpg 768w, https:\/\/www.karinahome.lv\/wp-content\/uploads\/img-20220527-wa0080-1024x1536.jpg 1024w, https:\/\/www.karinahome.lv\/wp-content\/uploads\/img-20220527-wa0080.jpg 1067w\" sizes=\"(max-width: 640px) 100vw, 640px\" title=\"\">\t\t\t\t\t\t\t\t\t\t\t\t\t\t\t<\/div>\n\t\t\t\t<\/div>\n\t\t\t\t<div class=\"elementor-element elementor-element-135dea4 e-transform elementor-hidden-mobile elementor-widget elementor-widget-image\" data-id=\"135dea4\" data-element_type=\"widget\" data-e-type=\"widget\" data-settings=\"{&quot;_transform_translateX_effect&quot;:{&quot;unit&quot;:&quot;px&quot;,&quot;size&quot;:-98,&quot;sizes&quot;:[]},&quot;_transform_translateY_effect&quot;:{&quot;unit&quot;:&quot;px&quot;,&quot;size&quot;:-293,&quot;sizes&quot;:[]},&quot;_transform_translateX_effect_tablet&quot;:{&quot;unit&quot;:&quot;px&quot;,&quot;size&quot;:-37,&quot;sizes&quot;:[]},&quot;_transform_translateY_effect_tablet&quot;:{&quot;unit&quot;:&quot;px&quot;,&quot;size&quot;:-82,&quot;sizes&quot;:[]},&quot;_transform_translateX_effect_mobile&quot;:{&quot;unit&quot;:&quot;px&quot;,&quot;size&quot;:&quot;&quot;,&quot;sizes&quot;:[]},&quot;_transform_translateY_effect_mobile&quot;:{&quot;unit&quot;:&quot;px&quot;,&quot;size&quot;:&quot;&quot;,&quot;sizes&quot;:[]}}\" data-widget_type=\"image.default\">\n\t\t\t\t<div class=\"elementor-widget-container\">\n\t\t\t\t\t\t\t\t\t\t\t\t\t\t\t<img decoding=\"async\" width=\"640\" height=\"426\" src=\"https:\/\/www.karinahome.lv\/wp-content\/uploads\/2023-05-03-10.40.54-1024x682.jpg\" class=\"attachment-large size-large wp-image-2111\" alt=\"\" srcset=\"https:\/\/www.karinahome.lv\/wp-content\/uploads\/2023-05-03-10.40.54-1024x682.jpg 1024w, https:\/\/www.karinahome.lv\/wp-content\/uploads\/2023-05-03-10.40.54-300x200.jpg 300w, https:\/\/www.karinahome.lv\/wp-content\/uploads\/2023-05-03-10.40.54-768x512.jpg 768w, https:\/\/www.karinahome.lv\/wp-content\/uploads\/2023-05-03-10.40.54.jpg 1280w\" sizes=\"(max-width: 640px) 100vw, 640px\" title=\"\">\t\t\t\t\t\t\t\t\t\t\t\t\t\t\t<\/div>\n\t\t\t\t<\/div>\n\t\t\t\t\t<\/div>\n\t\t<\/div>\n\t\t\t\t\t<\/div>\n\t\t<\/section>\n\t\t\t\t<section class=\"elementor-section elementor-top-section elementor-element elementor-element-08374c4 elementor-section-full_width elementor-hidden-desktop elementor-hidden-tablet elementor-hidden-mobile elementor-section-height-default elementor-section-height-default\" data-id=\"08374c4\" data-element_type=\"section\" data-e-type=\"section\" data-settings=\"{&quot;background_background&quot;:&quot;classic&quot;,&quot;shape_divider_top&quot;:&quot;tilt&quot;}\">\n\t\t\t\t\t<div class=\"elementor-shape elementor-shape-top\" aria-hidden=\"true\" data-negative=\"false\">\n\t\t\t<svg xmlns=\"http:\/\/www.w3.org\/2000\/svg\" viewBox=\"0 0 1000 100\" preserveAspectRatio=\"none\">\n\t<path class=\"elementor-shape-fill\" d=\"M0,6V0h1000v100L0,6z\"\/>\n<\/svg>\t\t<\/div>\n\t\t\t\t\t<div class=\"elementor-container elementor-column-gap-default\">\n\t\t\t\t\t<div class=\"elementor-column elementor-col-100 elementor-top-column elementor-element elementor-element-e0950cb\" data-id=\"e0950cb\" data-element_type=\"column\" data-e-type=\"column\">\n\t\t\t<div class=\"elementor-widget-wrap elementor-element-populated\">\n\t\t\t\t\t\t<div class=\"elementor-element elementor-element-4f8ab6b elementor-widget elementor-widget-heading\" data-id=\"4f8ab6b\" data-element_type=\"widget\" data-e-type=\"widget\" data-widget_type=\"heading.default\">\n\t\t\t\t<div class=\"elementor-widget-container\">\n\t\t\t\t\t<h2 class=\"elementor-heading-title elementor-size-default\">AKTU\u0100LIE PAS\u0100KUMI<\/h2>\t\t\t\t<\/div>\n\t\t\t\t<\/div>\n\t\t<div class=\"elementor-element elementor-element-c773957 e-con-full e-flex e-con e-parent\" data-id=\"c773957\" data-element_type=\"container\" data-e-type=\"container\">\n\t\t<div class=\"elementor-element elementor-element-e58cee0 elementor-hidden-desktop elementor-hidden-tablet elementor-hidden-mobile e-con-full e-flex e-con e-child\" data-id=\"e58cee0\" data-element_type=\"container\" data-e-type=\"container\">\n\t\t\t\t<div class=\"elementor-element elementor-element-a934426 elementor-flip-box--3d elementor-flip-box--effect-flip elementor-flip-box--direction-up elementor-widget elementor-widget-flip-box\" data-id=\"a934426\" data-element_type=\"widget\" data-e-type=\"widget\" data-widget_type=\"flip-box.default\">\n\t\t\t\t<div class=\"elementor-widget-container\">\n\t\t\t\t\t\t\t<div class=\"elementor-flip-box\" tabindex=\"0\">\n\t\t\t<div class=\"elementor-flip-box__layer elementor-flip-box__front\">\n\t\t\t\t<div class=\"elementor-flip-box__layer__overlay\">\n\t\t\t\t\t<div class=\"elementor-flip-box__layer__inner\">\n\t\t\t\t\t\t\t\t\t\t\t\t\t<div class=\"elementor-icon-wrapper elementor-view-default\">\n\t\t\t\t\t\t\t\t<div class=\"elementor-icon\">\n\t\t\t\t\t\t\t\t\t\t\t\t\t\t\t\t\t<\/div>\n\t\t\t\t\t\t\t<\/div>\n\t\t\t\t\t\t\n\t\t\t\t\t\t\t\t\t\t\t\t\t<h3 class=\"elementor-flip-box__layer__title\">\n\t\t\t\t\t\t\t\tGatavosim ar t\u0113ti, lai iepriecin\u0101tu mammu!\t\t\t\t\t\t\t<\/h3>\n\t\t\t\t\t\t\n\t\t\t\t\t\t\t\t\t\t\t\t\t<div class=\"elementor-flip-box__layer__description\">\n\t\t\t\t\t\t\t\t\u012apa\u0161a kulin\u0101rijas meistarklase velt\u012bta m\u0101mi\u0146u dienai\t\t\t\t\t\t\t<\/div>\n\t\t\t\t\t\t\t\t\t\t\t<\/div>\n\t\t\t\t<\/div>\n\t\t\t<\/div>\n\t\t\t<div class=\"elementor-flip-box__layer elementor-flip-box__back\">\n\t\t\t<div class=\"elementor-flip-box__layer__overlay\">\n\t\t\t\t<div class=\"elementor-flip-box__layer__inner\">\n\t\t\t\t\t\t\t\t\t\t\t<h3 class=\"elementor-flip-box__layer__title\">\n\t\t\t\t\t\t\tGatavosim ar t\u0113ti, lai iepriecin\u0101tu mammu!\t\t\t\t\t\t<\/h3>\n\t\t\t\t\t\n\t\t\t\t\t\t\t\t\t\t\t<div class=\"elementor-flip-box__layer__description\">\n\t\t\t\t\t\t\t\u012apa\u0161a kulin\u0101rijas meistarklase velt\u012bta m\u0101mi\u0146u dienai\n<br>\n2023. gada 14. maij\u0101 12:00-15:00\n<br>\nKARINA HOME, Prie\u017emale\t\t\t\t\t\t<\/div>\n\t\t\t\t\t\n\t\t\t\t\t\t\t\t\t\t\t<a class=\"elementor-flip-box__button elementor-button elementor-size-sm\" href=\"https:\/\/www.karinahome.lv\/gatavosim-ar-teti-lai-iepriecinatu-mammu\/\">\n\t\t\t\t\t\t\tLas\u012bt vair\u0101k\t\t\t\t\t\t<\/a>\n\t\t\t\t\t\t\t\t<\/div>\n\t\t<\/div>\n\t\t<\/div>\n\t\t<\/div>\n\t\t\t\t\t\t<\/div>\n\t\t\t\t<\/div>\n\t\t\t\t<\/div>\n\t\t<div class=\"elementor-element elementor-element-21d2582 e-con-full e-flex e-con e-child\" data-id=\"21d2582\" data-element_type=\"container\" data-e-type=\"container\">\n\t\t\t\t<div class=\"elementor-element elementor-element-56e78f2 elementor-flip-box--3d elementor-flip-box--effect-flip elementor-flip-box--direction-up elementor-widget elementor-widget-flip-box\" data-id=\"56e78f2\" data-element_type=\"widget\" data-e-type=\"widget\" data-widget_type=\"flip-box.default\">\n\t\t\t\t<div class=\"elementor-widget-container\">\n\t\t\t\t\t\t\t<div class=\"elementor-flip-box\" tabindex=\"0\">\n\t\t\t<div class=\"elementor-flip-box__layer elementor-flip-box__front\">\n\t\t\t\t<div class=\"elementor-flip-box__layer__overlay\">\n\t\t\t\t\t<div class=\"elementor-flip-box__layer__inner\">\n\t\t\t\t\t\t\t\t\t\t\t\t\t<div class=\"elementor-icon-wrapper elementor-view-default\">\n\t\t\t\t\t\t\t\t<div class=\"elementor-icon\">\n\t\t\t\t\t\t\t\t\t\t\t\t\t\t\t\t\t<\/div>\n\t\t\t\t\t\t\t<\/div>\n\t\t\t\t\t\t\n\t\t\t\t\t\t\n\t\t\t\t\t\t\t\t\t\t\t<\/div>\n\t\t\t\t<\/div>\n\t\t\t<\/div>\n\t\t\t<div class=\"elementor-flip-box__layer elementor-flip-box__back\">\n\t\t\t<div class=\"elementor-flip-box__layer__overlay\">\n\t\t\t\t<div class=\"elementor-flip-box__layer__inner\">\n\t\t\t\t\t\t\t\t\t\t\t<h3 class=\"elementor-flip-box__layer__title\">\n\t\t\t\t\t\t\t\u201cKo ieraudz\u012bsi ligzd\u0101, tas b\u016bs lidojum\u0101!\u201d\t\t\t\t\t\t<\/h3>\n\t\t\t\t\t\n\t\t\t\t\t\t\t\t\t\t\t<div class=\"elementor-flip-box__layer__description\">\n\t\t\t\t\t\t\t\u201cBezgal\u012bb\u0101 ieklausoties...\u201d\nAta Auz\u0101na un Karinas Stivri\u0146as koncertprogramma\n<br><br>\n2023. gada 03. j\u016bnij\u0101\n<br>\n10:00 \u2013 17:00\n<br>\nBellevue Park Hotel Riga\n<br>\nSlokas iela 1, R\u012bga LV-1048\n<br><br>\nKonkursi un p\u0101rsteigumu balvas\n<br>\n2 kafija pauzes\n<br><br>\nKonference vec\u0101kiem velt\u012bta\n<br>\nStarptautiskajai B\u0113rnu Aizsardz\u012bbas Dienai ar koncertprogrammu\t\t\t\t\t\t<\/div>\n\t\t\t\t\t\n\t\t\t\t\t\t\t\t\t\t\t<a class=\"elementor-flip-box__button elementor-button elementor-size-sm\" href=\"https:\/\/www.karinahome.lv\/ko-ieraudzisi-ligzda\/\">\n\t\t\t\t\t\t\tLas\u012bt vair\u0101k\t\t\t\t\t\t<\/a>\n\t\t\t\t\t\t\t\t<\/div>\n\t\t<\/div>\n\t\t<\/div>\n\t\t<\/div>\n\t\t\t\t\t\t<\/div>\n\t\t\t\t<\/div>\n\t\t\t\t<\/div>\n\t\t\t\t<\/div>\n\t\t\t\t\t<\/div>\n\t\t<\/div>\n\t\t\t\t\t<\/div>\n\t\t<\/section>\n\t\t\t\t<\/div>\n\t\t","protected":false},"excerpt":{"rendered":"<p>Pavadi neaizmirstamus br\u012b\u017eus kop\u0101 ar mums! KARINA HOME vieta, kur dz\u012bvo m\u012blest\u012bba Ja j\u016bs mekl\u0113jat vietu, kur pavad\u012bt neaizmirstamus br\u012b\u017eus, atjaunoties gar\u012bgi un fiziski, laipni l\u016bdzam KARINA HOME. KARINA HOME atrodas Latgales sird\u012b, kur j\u016bs varat pavad\u012bt laiku ar sav\u0101m m\u012b\u013cajiem, \u0123imeni, draugiem un kol\u0113\u0123iem. KARINA HOME ir viesu nams, kas lieliski piem\u0113rots \u0123imenes sv\u0113tkiem, [&hellip;]<\/p>\n","protected":false},"author":1,"featured_media":0,"parent":0,"menu_order":1,"comment_status":"closed","ping_status":"closed","template":"elementor_header_footer","meta":{"footnotes":""},"class_list":["post-47","page","type-page","status-publish","hentry"],"_links":{"self":[{"href":"https:\/\/www.karinahome.lv\/en\/wp-json\/wp\/v2\/pages\/47","targetHints":{"allow":["GET"]}}],"collection":[{"href":"https:\/\/www.karinahome.lv\/en\/wp-json\/wp\/v2\/pages"}],"about":[{"href":"https:\/\/www.karinahome.lv\/en\/wp-json\/wp\/v2\/types\/page"}],"author":[{"embeddable":true,"href":"https:\/\/www.karinahome.lv\/en\/wp-json\/wp\/v2\/users\/1"}],"replies":[{"embeddable":true,"href":"https:\/\/www.karinahome.lv\/en\/wp-json\/wp\/v2\/comments?post=47"}],"version-history":[{"count":24,"href":"https:\/\/www.karinahome.lv\/en\/wp-json\/wp\/v2\/pages\/47\/revisions"}],"predecessor-version":[{"id":4574,"href":"https:\/\/www.karinahome.lv\/en\/wp-json\/wp\/v2\/pages\/47\/revisions\/4574"}],"wp:attachment":[{"href":"https:\/\/www.karinahome.lv\/en\/wp-json\/wp\/v2\/media?parent=47"}],"curies":[{"name":"wp","href":"https:\/\/api.w.org\/{rel}","templated":true}]}}