{"id":1050,"date":"2023-05-01T12:00:19","date_gmt":"2023-05-01T09:00:19","guid":{"rendered":"https:\/\/www.karinahome.lv\/?page_id=1050"},"modified":"2023-05-25T14:18:09","modified_gmt":"2023-05-25T11:18:09","slug":"special-offers","status":"publish","type":"page","link":"https:\/\/www.karinahome.lv\/ru\/special-offers\/","title":{"rendered":"\u0421\u043f\u0435\u0446\u043f\u0440\u0435\u0434\u043b\u043e\u0436\u0435\u043d\u0438\u044f"},"content":{"rendered":"<div data-elementor-type=\"wp-page\" data-elementor-id=\"1050\" class=\"elementor elementor-1050\" data-elementor-post-type=\"page\">\n\t\t\t\t\t\t<section class=\"elementor-section elementor-top-section elementor-element elementor-element-7c10f698 elementor-section-full_width elementor-section-height-min-height elementor-section-height-default elementor-section-items-middle\" data-id=\"7c10f698\" data-element_type=\"section\" data-e-type=\"section\" data-settings=\"{&quot;background_background&quot;:&quot;classic&quot;}\">\n\t\t\t\t\t\t\t<div class=\"elementor-background-overlay\"><\/div>\n\t\t\t\t\t\t\t<div class=\"elementor-container elementor-column-gap-default\">\n\t\t\t\t\t<div class=\"elementor-column elementor-col-100 elementor-top-column elementor-element elementor-element-30793e90\" data-id=\"30793e90\" data-element_type=\"column\" data-e-type=\"column\">\n\t\t\t<div class=\"elementor-widget-wrap elementor-element-populated\">\n\t\t\t\t\t\t<div class=\"elementor-element elementor-element-47a0aafe elementor-invisible elementor-widget elementor-widget-heading\" data-id=\"47a0aafe\" data-element_type=\"widget\" data-e-type=\"widget\" data-settings=\"{&quot;_animation&quot;:&quot;fadeInUp&quot;}\" data-widget_type=\"heading.default\">\n\t\t\t\t<div class=\"elementor-widget-container\">\n\t\t\t\t\t<h1 class=\"elementor-heading-title elementor-size-default\">\u0421\u043f\u0435\u0446\u043f\u0440\u0435\u0434\u043b\u043e\u0436\u0435\u043d\u0438\u044f<\/h1>\t\t\t\t<\/div>\n\t\t\t\t<\/div>\n\t\t\t\t\t<\/div>\n\t\t<\/div>\n\t\t\t\t\t<\/div>\n\t\t<\/section>\n\t\t\t\t<section class=\"ep-section-eql-height elementor-section elementor-top-section elementor-element elementor-element-f03bc40 elementor-section-boxed elementor-section-height-default elementor-section-height-default\" bdt-height-match=\"target: .ep-section-eql-height .elementor-element .elementor-widget &gt; div\" data-id=\"f03bc40\" data-element_type=\"section\" data-e-type=\"section\">\n\t\t\t\t\t\t<div class=\"elementor-container elementor-column-gap-default\">\n\t\t\t\t\t<div class=\"elementor-column elementor-col-50 elementor-top-column elementor-element elementor-element-515fb0f\" data-id=\"515fb0f\" data-element_type=\"column\" data-e-type=\"column\">\n\t\t\t<div class=\"elementor-widget-wrap elementor-element-populated\">\n\t\t\t\t\t\t<div class=\"elementor-element elementor-element-cdc36a4 elementor-cta--skin-classic elementor-animated-content elementor-bg-transform elementor-bg-transform-zoom-in elementor-widget elementor-widget-call-to-action\" data-id=\"cdc36a4\" data-element_type=\"widget\" data-e-type=\"widget\" data-widget_type=\"call-to-action.default\">\n\t\t\t\t<div class=\"elementor-widget-container\">\n\t\t\t\t\t\t\t<div class=\"elementor-cta\">\n\t\t\t\t\t<div class=\"elementor-cta__bg-wrapper\">\n\t\t\t\t<div class=\"elementor-cta__bg elementor-bg\" style=\"background-image: url(https:\/\/www.karinahome.lv\/wp-content\/uploads\/meistarklase_21082022-231-682x1024.jpg);\" role=\"img\" aria-label=\"meistarklase_21082022-231\"><\/div>\n\t\t\t\t<div class=\"elementor-cta__bg-overlay\"><\/div>\n\t\t\t<\/div>\n\t\t\t\t\t\t\t<div class=\"elementor-cta__content\">\n\t\t\t\t\n\t\t\t\t\t\t\t\t\t<h2 class=\"elementor-cta__title elementor-cta__content-item elementor-content-item\">\n\t\t\t\t\t\t\u0421\u041f\u0410-\u041e\u0422\u0414\u042b\u0425 \u041f\u041e\u0414 \u041e\u0422\u041a\u0420\u042b\u0422\u042b\u041c \u041d\u0415\u0411\u041e\u041c\t\t\t\t\t<\/h2>\n\t\t\t\t\n\t\t\t\t\t\t\t\t\t<div class=\"elementor-cta__description elementor-cta__content-item elementor-content-item\">\n\t\t\t\t\t\t\u041f\u043e\u0441\u0435\u0449\u0435\u043d\u0438\u0435 \u043f\u0440\u0438\u0440\u043e\u0434\u043d\u043e\u0433\u043e \u0441\u043f\u0430 \u0433\u0430\u0440\u0430\u043d\u0442\u0438\u0440\u043e\u0432\u0430\u043d\u043d\u043e \u043f\u0440\u0438\u043d\u0435\u0441\u0435\u0442 \u044d\u043c\u043e\u0446\u0438\u043e\u043d\u0430\u043b\u044c\u043d\u043e\u0435 \u0443\u0434\u043e\u0432\u043b\u0435\u0442\u0432\u043e\u0440\u0435\u043d\u0438\u0435!\n\t\t\t\t\t<\/div>\n\t\t\t\t\n\t\t\t\t\t\t\t\t\t<div class=\"elementor-cta__button-wrapper elementor-cta__content-item elementor-content-item\">\n\t\t\t\t\t<a class=\"elementor-cta__button elementor-button elementor-size-\" href=\"https:\/\/www.karinahome.lv\/ru\/spa-open-air\/\">\n\t\t\t\t\t\t\u0427\u0438\u0442\u0430\u0442\u044c \u0434\u0430\u043b\u0435\u0435\t\t\t\t\t<\/a>\n\t\t\t\t\t<\/div>\n\t\t\t\t\t\t\t<\/div>\n\t\t\t\t\t\t<\/div>\n\t\t\t\t\t\t<\/div>\n\t\t\t\t<\/div>\n\t\t\t\t\t<\/div>\n\t\t<\/div>\n\t\t\t\t<div class=\"elementor-column elementor-col-50 elementor-top-column elementor-element elementor-element-5d478ff\" data-id=\"5d478ff\" data-element_type=\"column\" data-e-type=\"column\">\n\t\t\t<div class=\"elementor-widget-wrap elementor-element-populated\">\n\t\t\t\t\t\t<div class=\"elementor-element elementor-element-bfdf0bd elementor-cta--skin-classic elementor-animated-content elementor-bg-transform elementor-bg-transform-zoom-in elementor-widget elementor-widget-call-to-action\" data-id=\"bfdf0bd\" data-element_type=\"widget\" data-e-type=\"widget\" data-widget_type=\"call-to-action.default\">\n\t\t\t\t<div class=\"elementor-widget-container\">\n\t\t\t\t\t\t\t<div class=\"elementor-cta\">\n\t\t\t\t\t<div class=\"elementor-cta__bg-wrapper\">\n\t\t\t\t<div class=\"elementor-cta__bg elementor-bg\" style=\"background-image: url(https:\/\/www.karinahome.lv\/wp-content\/uploads\/photo_2023-05-03_16-11-53-1024x683.jpg);\" role=\"img\" aria-label=\"photo_2023-05-03_16-11-53\"><\/div>\n\t\t\t\t<div class=\"elementor-cta__bg-overlay\"><\/div>\n\t\t\t<\/div>\n\t\t\t\t\t\t\t<div class=\"elementor-cta__content\">\n\t\t\t\t\n\t\t\t\t\t\t\t\t\t<h2 class=\"elementor-cta__title elementor-cta__content-item elementor-content-item\">\n\t\t\t\t\t\t\u0420\u041e\u041c\u0410\u041d\u0422\u0418\u0427\u0415\u0421\u041a\u0418\u0419 \u041e\u0422\u0414\u042b\u0425 \u0414\u041b\u042f \u0414\u0412\u041e\u0418\u0425\t\t\t\t\t<\/h2>\n\t\t\t\t\n\t\t\t\t\t\t\t\t\t<div class=\"elementor-cta__description elementor-cta__content-item elementor-content-item\">\n\t\t\t\t\t\t\u041f\u043e\u0441\u0435\u0449\u0435\u043d\u0438\u0435 \u043f\u0440\u0438\u0440\u043e\u0434\u043d\u043e\u0433\u043e \u0441\u043f\u0430 \u0433\u0430\u0440\u0430\u043d\u0442\u0438\u0440\u043e\u0432\u0430\u043d\u043d\u043e \u043f\u0440\u0438\u043d\u0435\u0441\u0435\u0442 \u044d\u043c\u043e\u0446\u0438\u043e\u043d\u0430\u043b\u044c\u043d\u043e\u0435 \u0443\u0434\u043e\u0432\u043b\u0435\u0442\u0432\u043e\u0440\u0435\u043d\u0438\u0435!\t\t\t\t\t<\/div>\n\t\t\t\t\n\t\t\t\t\t\t\t\t\t<div class=\"elementor-cta__button-wrapper elementor-cta__content-item elementor-content-item\">\n\t\t\t\t\t<a class=\"elementor-cta__button elementor-button elementor-size-\" href=\"https:\/\/www.karinahome.lv\/ru\/romantic-offer\/\">\n\t\t\t\t\t\t\u0427\u0438\u0442\u0430\u0442\u044c \u0434\u0430\u043b\u0435\u0435\t\t\t\t\t<\/a>\n\t\t\t\t\t<\/div>\n\t\t\t\t\t\t\t<\/div>\n\t\t\t\t\t\t<\/div>\n\t\t\t\t\t\t<\/div>\n\t\t\t\t<\/div>\n\t\t\t\t\t<\/div>\n\t\t<\/div>\n\t\t\t\t\t<\/div>\n\t\t<\/section>\n\t\t\t\t<\/div>","protected":false},"excerpt":{"rendered":"<p>SPA ATP\u016aTAS ZEM ATKL\u0100TAJ\u0100M DEBES\u012aM Dabas Spa apmekl\u0113jums garant\u0113ti sniedz emocion\u0101lo piepild\u012bjumu! Las\u012bt vair\u0101k ROMANTISKA ATP\u016aTA DIVIEM Dabas Spa apmekl\u0113jums garant\u0113ti sniedz emocion\u0101lo piepild\u012bjumu! Las\u012bt vair\u0101k<\/p>","protected":false},"author":1,"featured_media":0,"parent":0,"menu_order":0,"comment_status":"closed","ping_status":"closed","template":"elementor_header_footer","meta":{"footnotes":""},"class_list":["post-1050","page","type-page","status-publish","hentry"],"_links":{"self":[{"href":"https:\/\/www.karinahome.lv\/ru\/wp-json\/wp\/v2\/pages\/1050","targetHints":{"allow":["GET"]}}],"collection":[{"href":"https:\/\/www.karinahome.lv\/ru\/wp-json\/wp\/v2\/pages"}],"about":[{"href":"https:\/\/www.karinahome.lv\/ru\/wp-json\/wp\/v2\/types\/page"}],"author":[{"embeddable":true,"href":"https:\/\/www.karinahome.lv\/ru\/wp-json\/wp\/v2\/users\/1"}],"replies":[{"embeddable":true,"href":"https:\/\/www.karinahome.lv\/ru\/wp-json\/wp\/v2\/comments?post=1050"}],"version-history":[{"count":6,"href":"https:\/\/www.karinahome.lv\/ru\/wp-json\/wp\/v2\/pages\/1050\/revisions"}],"predecessor-version":[{"id":4495,"href":"https:\/\/www.karinahome.lv\/ru\/wp-json\/wp\/v2\/pages\/1050\/revisions\/4495"}],"wp:attachment":[{"href":"https:\/\/www.karinahome.lv\/ru\/wp-json\/wp\/v2\/media?parent=1050"}],"curies":[{"name":"wp","href":"https:\/\/api.w.org\/{rel}","templated":true}]}}