{"id":1341,"date":"2023-05-02T09:40:34","date_gmt":"2023-05-02T06:40:34","guid":{"rendered":"https:\/\/www.karinahome.lv\/?page_id=1341"},"modified":"2023-05-07T19:00:23","modified_gmt":"2023-05-07T16:00:23","slug":"romantic-offer","status":"publish","type":"page","link":"https:\/\/www.karinahome.lv\/ru\/special-offers\/romantic-offer\/","title":{"rendered":"\u0420\u043e\u043c\u0430\u043d\u0442\u0438\u0447\u0435\u0441\u043a\u0438\u0439 \u043e\u0442\u0434\u044b\u0445 \u0434\u043b\u044f \u0434\u0432\u043e\u0438\u0445"},"content":{"rendered":"<div data-elementor-type=\"wp-page\" data-elementor-id=\"1341\" class=\"elementor elementor-1341\" data-elementor-post-type=\"page\">\n\t\t\t\t\t\t<section class=\"elementor-section elementor-top-section elementor-element elementor-element-2a2fdbb0 elementor-section-full_width elementor-section-height-min-height elementor-section-height-default elementor-section-items-middle\" data-id=\"2a2fdbb0\" data-element_type=\"section\" data-e-type=\"section\" data-settings=\"{&quot;background_background&quot;:&quot;classic&quot;}\">\n\t\t\t\t\t\t\t<div class=\"elementor-background-overlay\"><\/div>\n\t\t\t\t\t\t\t<div class=\"elementor-container elementor-column-gap-default\">\n\t\t\t\t\t<div class=\"elementor-column elementor-col-100 elementor-top-column elementor-element elementor-element-359700d2\" data-id=\"359700d2\" data-element_type=\"column\" data-e-type=\"column\">\n\t\t\t<div class=\"elementor-widget-wrap elementor-element-populated\">\n\t\t\t\t\t\t<div class=\"elementor-element elementor-element-3247b32a elementor-invisible elementor-widget elementor-widget-heading\" data-id=\"3247b32a\" data-element_type=\"widget\" data-e-type=\"widget\" data-settings=\"{&quot;_animation&quot;:&quot;fadeInUp&quot;}\" data-widget_type=\"heading.default\">\n\t\t\t\t<div class=\"elementor-widget-container\">\n\t\t\t\t\t<h1 class=\"elementor-heading-title elementor-size-default\">\u0420\u043e\u043c\u0430\u043d\u0442\u0438\u0447\u0435\u0441\u043a\u0438\u0439 \u043e\u0442\u0434\u044b\u0445 \u0434\u043b\u044f \u0434\u0432\u043e\u0438\u0445<\/h1>\t\t\t\t<\/div>\n\t\t\t\t<\/div>\n\t\t\t\t\t<\/div>\n\t\t<\/div>\n\t\t\t\t\t<\/div>\n\t\t<\/section>\n\t\t\t\t<section class=\"elementor-section elementor-top-section elementor-element elementor-element-7c1cac0 elementor-section-boxed elementor-section-height-default elementor-section-height-default elementor-invisible\" data-id=\"7c1cac0\" data-element_type=\"section\" data-e-type=\"section\" data-settings=\"{&quot;animation&quot;:&quot;fadeInUp&quot;}\">\n\t\t\t\t\t\t<div class=\"elementor-container elementor-column-gap-default\">\n\t\t\t\t\t<div class=\"elementor-column elementor-col-50 elementor-top-column elementor-element elementor-element-5fb1855\" data-id=\"5fb1855\" data-element_type=\"column\" data-e-type=\"column\">\n\t\t\t<div class=\"elementor-widget-wrap elementor-element-populated\">\n\t\t\t\t\t\t<div class=\"elementor-element elementor-element-9df26a8 elementor-hidden-mobile elementor-widget elementor-widget-image\" data-id=\"9df26a8\" data-element_type=\"widget\" data-e-type=\"widget\" data-widget_type=\"image.default\">\n\t\t\t\t<div class=\"elementor-widget-container\">\n\t\t\t\t\t\t\t\t\t\t\t\t\t\t\t<img fetchpriority=\"high\" decoding=\"async\" width=\"640\" height=\"960\" src=\"https:\/\/www.karinahome.lv\/wp-content\/uploads\/img-20220527-wa0089-683x1024.jpg\" class=\"attachment-large size-large wp-image-455\" alt=\"\" srcset=\"https:\/\/www.karinahome.lv\/wp-content\/uploads\/img-20220527-wa0089-683x1024.jpg 683w, https:\/\/www.karinahome.lv\/wp-content\/uploads\/img-20220527-wa0089-200x300.jpg 200w, https:\/\/www.karinahome.lv\/wp-content\/uploads\/img-20220527-wa0089-768x1152.jpg 768w, https:\/\/www.karinahome.lv\/wp-content\/uploads\/img-20220527-wa0089-1024x1536.jpg 1024w, https:\/\/www.karinahome.lv\/wp-content\/uploads\/img-20220527-wa0089.jpg 1067w\" sizes=\"(max-width: 640px) 100vw, 640px\" title=\"\">\t\t\t\t\t\t\t\t\t\t\t\t\t\t\t<\/div>\n\t\t\t\t<\/div>\n\t\t\t\t<div class=\"elementor-element elementor-element-b9474d5 elementor-widget elementor-widget-price-list\" data-id=\"b9474d5\" data-element_type=\"widget\" data-e-type=\"widget\" data-widget_type=\"price-list.default\">\n\t\t\t\t<div class=\"elementor-widget-container\">\n\t\t\t\t\t\n\t\t<ul class=\"elementor-price-list\">\n\n\t\t\t\t\t\t\t\t\t<li><a class=\"elementor-price-list-item\" href=\"#\">\t\t\t\t\n\t\t\t\t<div class=\"elementor-price-list-text\">\n\t\t\t\t\t\t\t\t\t<div class=\"elementor-price-list-header\">\n\t\t\t\t\t\t\t\t\t\t\t<span class=\"elementor-price-list-title\">\n\t\t\t\t\t\t\t\u0421\u0442\u043e\u0438\u043c\u043e\u0441\u0442\u044c \u0443\u0441\u043b\u0443\u0433\t\t\t\t\t\t<\/span>\n\t\t\t\t\t\t\t\t\t\t\t\t\t\t\t\t\t\t<span class=\"elementor-price-list-separator\"><\/span>\n\t\t\t\t\t\t\t\t\t\t\t\t\t\t\t\t\t\t\t<span class=\"elementor-price-list-price\">230Eur<\/span>\n\t\t\t\t\t\t\t\t\t\t<\/div>\n\t\t\t\t\t\t\t\t\t\t\t\t\t\t\t<p class=\"elementor-price-list-description\">\n\t\t\t\t\t\t\t\u0410\u0434\u0440\u0435\u0441. \u041f\u0440\u0438\u0435\u0436\u043c\u0430\u043b\u0435, \u0418\u043b\u044c\u0437\u0430\u0441 14. \t\t\t\t\t\t<\/p>\n\t\t\t\t\t\t\t\t<\/div>\n\t\t\t\t<\/a><\/li>\t\t\t\t\t\n\t\t<\/ul>\n\n\t\t\t\t\t\t<\/div>\n\t\t\t\t<\/div>\n\t\t\t\t\t<\/div>\n\t\t<\/div>\n\t\t\t\t<div class=\"elementor-column elementor-col-50 elementor-top-column elementor-element elementor-element-76dfe1b\" data-id=\"76dfe1b\" data-element_type=\"column\" data-e-type=\"column\">\n\t\t\t<div class=\"elementor-widget-wrap elementor-element-populated\">\n\t\t\t\t\t\t<div class=\"elementor-element elementor-element-b2b6ad5 elementor-widget elementor-widget-heading\" data-id=\"b2b6ad5\" data-element_type=\"widget\" data-e-type=\"widget\" data-widget_type=\"heading.default\">\n\t\t\t\t<div class=\"elementor-widget-container\">\n\t\t\t\t\t<h2 class=\"elementor-heading-title elementor-size-large\">Karina Home \u043f\u0440\u0435\u0434\u043b\u0430\u0433\u0430\u0435\u0442 \u043d\u0435\u0440\u0435\u0430\u043b\u044c\u043d\u044b\u0439 \u0440\u043e\u043c\u0430\u043d\u0442\u0438\u0447\u0435\u0441\u043a\u0438\u0439 \u043e\u0442\u0434\u044b\u0445 \u0434\u043b\u044f \u0434\u0432\u043e\u0438\u0445.<\/h2>\t\t\t\t<\/div>\n\t\t\t\t<\/div>\n\t\t\t\t<div class=\"elementor-element elementor-element-7451513 elementor-widget elementor-widget-text-editor\" data-id=\"7451513\" data-element_type=\"widget\" data-e-type=\"widget\" data-widget_type=\"text-editor.default\">\n\t\t\t\t<div class=\"elementor-widget-container\">\n\t\t\t\t\t\t\t\t\t<p>\u0421\u043f\u0430-\u043e\u0442\u0434\u044b\u0445 \u0434\u043b\u044f \u0434\u0432\u043e\u0438\u0445 - \u044d\u0442\u043e \u043f\u0440\u0435\u043a\u0440\u0430\u0441\u043d\u0430\u044f \u0432\u043e\u0437\u043c\u043e\u0436\u043d\u043e\u0441\u0442\u044c \u0443\u0431\u0435\u0436\u0430\u0442\u044c \u043e\u0442 \u0433\u043e\u0440\u043e\u0434\u0441\u043a\u043e\u0439 \u0441\u0443\u0435\u0442\u044b, \u043e\u0442\u043a\u043b\u044e\u0447\u0438\u0442\u044c\u0441\u044f \u043e\u0442 \u0440\u0443\u0442\u0438\u043d\u044b, \u043f\u0435\u0440\u0435\u0432\u0435\u0441\u0442\u0438 \u0434\u0443\u0445, \u0432\u0434\u043e\u0445\u043d\u043e\u0432\u0438\u0442\u044c\u0441\u044f \u0438 \u043f\u0440\u043e\u0432\u0435\u0441\u0442\u0438 \u043d\u0435\u0437\u0430\u0431\u044b\u0432\u0430\u0435\u043c\u044b\u0439 \u0432\u0435\u0447\u0435\u0440 \u0441 \u043b\u044e\u0431\u0438\u043c\u044b\u043c \u0447\u0435\u043b\u043e\u0432\u0435\u043a\u043e\u043c.<\/p><p>Karina Home Nature Spa - \u044d\u0442\u043e \u043c\u0435\u0441\u0442\u043e \u0432 \u041b\u0430\u0442\u0433\u0430\u043b\u0438\u0438, \u0433\u0434\u0435 \u0446\u0430\u0440\u0438\u0442 \u0430\u0442\u043c\u043e\u0441\u0444\u0435\u0440\u0430 \u043c\u0438\u0440\u0430, \u043b\u044e\u0431\u0432\u0438 \u0438 \u0440\u0435\u043b\u0430\u043a\u0441\u0430\u0446\u0438\u0438.<\/p><p>\u0421\u043f\u0430-\u0432\u0430\u043d\u043d\u0430 WELLIS Killimanjaro EXTREME \u0441 \u0432\u043e\u0434\u043d\u044b\u043c \u043c\u0430\u0441\u0441\u0430\u0436\u0435\u043c, \u043e\u0437\u043e\u043d\u043e\u0432\u043e\u0439 \u0442\u0435\u0440\u0430\u043f\u0438\u0435\u0439, \u0441\u043e\u0433\u0440\u0435\u0432\u0430\u044e\u0449\u0435\u0439 \u0441\u0435\u0440\u0434\u0446\u0435 \u0438 \u0434\u0443\u0448\u0443 \u0441\u0430\u0443\u043d\u043e\u0439 \u043f\u043e\u043c\u043e\u0436\u0435\u0442 \u0443\u043b\u0443\u0447\u0448\u0438\u0442\u044c \u0432\u0430\u0448\u0435 \u0441\u0430\u043c\u043e\u0447\u0443\u0432\u0441\u0442\u0432\u0438\u0435. \u041e\u0441\u0432\u0435\u0449\u0435\u043d\u0438\u0435 \u0432\u0435\u0447\u0435\u0440\u043d\u0435\u0439 \u0442\u0435\u0440\u0440\u0430\u0441\u044b \u0438 \u0441\u043f\u0430-\u0431\u0430\u043d\u0438 \u0443\u0441\u043f\u043e\u043a\u0430\u0438\u0432\u0430\u0435\u0442 \u0438 \u0441\u043f\u043e\u0441\u043e\u0431\u0441\u0442\u0432\u0443\u0435\u0442 \u0435\u0449\u0435 \u043b\u0443\u0447\u0448\u0435\u043c\u0443 \u0440\u0430\u0441\u0441\u043b\u0430\u0431\u043b\u0435\u043d\u0438\u044e.<\/p><p>\u041c\u044f\u0433\u043a\u0430\u044f \u0440\u0435\u043b\u0430\u043a\u0441\u0430\u0446\u0438\u044f \u043f\u043e\u0434 \u043e\u0442\u043a\u0440\u044b\u0442\u044b\u043c \u043d\u0435\u0431\u043e\u043c \u043f\u043e\u0437\u0432\u043e\u043b\u0438\u0442 \u0432\u0430\u043c \u0437\u0430\u0440\u044f\u0434\u0438\u0442\u044c\u0441\u044f \u044d\u043d\u0435\u0440\u0433\u0438\u0435\u0439, \u0443\u043b\u0443\u0447\u0448\u0438\u0442\u044c \u043d\u0430\u0441\u0442\u0440\u043e\u0435\u043d\u0438\u0435 \u0438 \u0443\u0432\u0438\u0434\u0435\u0442\u044c \u043c\u0438\u0440 \u0432 \u0441\u043e\u0432\u0435\u0440\u0448\u0435\u043d\u043d\u043e \u043d\u043e\u0432\u043e\u043c \u0441\u0432\u0435\u0442\u0435.<\/p><p>\u041f\u043e\u0441\u0435\u0449\u0435\u043d\u0438\u0435 \u043f\u0440\u0438\u0440\u043e\u0434\u043d\u043e\u0433\u043e \u0441\u043f\u0430 \u0433\u0430\u0440\u0430\u043d\u0442\u0438\u0440\u043e\u0432\u0430\u043d\u043d\u043e \u043f\u0440\u0438\u043d\u0435\u0441\u0435\u0442 \u044d\u043c\u043e\u0446\u0438\u043e\u043d\u0430\u043b\u044c\u043d\u043e\u0435 \u0443\u0434\u043e\u0432\u043b\u0435\u0442\u0432\u043e\u0440\u0435\u043d\u0438\u0435!<\/p>\t\t\t\t\t\t\t\t<\/div>\n\t\t\t\t<\/div>\n\t\t\t\t<div class=\"elementor-element elementor-element-8441fcd e-transform elementor-widget elementor-widget-image\" data-id=\"8441fcd\" data-element_type=\"widget\" data-e-type=\"widget\" data-settings=\"{&quot;_transform_rotateZ_effect&quot;:{&quot;unit&quot;:&quot;px&quot;,&quot;size&quot;:-7,&quot;sizes&quot;:[]},&quot;_transform_rotateZ_effect_tablet&quot;:{&quot;unit&quot;:&quot;deg&quot;,&quot;size&quot;:&quot;&quot;,&quot;sizes&quot;:[]},&quot;_transform_rotateZ_effect_mobile&quot;:{&quot;unit&quot;:&quot;deg&quot;,&quot;size&quot;:&quot;&quot;,&quot;sizes&quot;:[]}}\" data-widget_type=\"image.default\">\n\t\t\t\t<div class=\"elementor-widget-container\">\n\t\t\t\t\t\t\t\t\t\t\t\t\t\t\t<img decoding=\"async\" width=\"640\" height=\"427\" src=\"https:\/\/www.karinahome.lv\/wp-content\/uploads\/img-20220527-wa0045-1024x683.jpg\" class=\"attachment-large size-large wp-image-411\" alt=\"\" srcset=\"https:\/\/www.karinahome.lv\/wp-content\/uploads\/img-20220527-wa0045-1024x683.jpg 1024w, https:\/\/www.karinahome.lv\/wp-content\/uploads\/img-20220527-wa0045-300x200.jpg 300w, https:\/\/www.karinahome.lv\/wp-content\/uploads\/img-20220527-wa0045-768x512.jpg 768w, https:\/\/www.karinahome.lv\/wp-content\/uploads\/img-20220527-wa0045.jpg 1434w\" sizes=\"(max-width: 640px) 100vw, 640px\" title=\"\">\t\t\t\t\t\t\t\t\t\t\t\t\t\t\t<\/div>\n\t\t\t\t<\/div>\n\t\t\t\t\t<\/div>\n\t\t<\/div>\n\t\t\t\t\t<\/div>\n\t\t<\/section>\n\t\t\t\t<\/div>","protected":false},"excerpt":{"rendered":"<p>Pakalpojuma maksa 230Eur Adrese: Kr\u0101slavas novads, c. Prie\u017emale, Ilzas 14. Karina Home pied\u0101v\u0101 nere\u0101li romantisku atp\u016btu diviem. SPA atp\u016bta diviem ir lieliska iesp\u0113ja aizb\u0113gt no pils\u0113tas burzmas, atl\u0113gties no dz\u012bves rut\u012bnas, ieviklt elpu, iedvesmoties un pavad\u012bt neiaizmirstamu vakaru ar savu m\u012b\u013coto cilv\u0113ku. Karina Home dabas spa ir vieta Latgal\u0113, kur valda miera, m\u012blest\u012bbas un relaks\u0101cijas [&hellip;]<\/p>\n","protected":false},"author":1,"featured_media":0,"parent":1050,"menu_order":0,"comment_status":"closed","ping_status":"closed","template":"elementor_header_footer","meta":{"footnotes":""},"class_list":["post-1341","page","type-page","status-publish","hentry"],"_links":{"self":[{"href":"https:\/\/www.karinahome.lv\/ru\/wp-json\/wp\/v2\/pages\/1341","targetHints":{"allow":["GET"]}}],"collection":[{"href":"https:\/\/www.karinahome.lv\/ru\/wp-json\/wp\/v2\/pages"}],"about":[{"href":"https:\/\/www.karinahome.lv\/ru\/wp-json\/wp\/v2\/types\/page"}],"author":[{"embeddable":true,"href":"https:\/\/www.karinahome.lv\/ru\/wp-json\/wp\/v2\/users\/1"}],"replies":[{"embeddable":true,"href":"https:\/\/www.karinahome.lv\/ru\/wp-json\/wp\/v2\/comments?post=1341"}],"version-history":[{"count":5,"href":"https:\/\/www.karinahome.lv\/ru\/wp-json\/wp\/v2\/pages\/1341\/revisions"}],"predecessor-version":[{"id":2715,"href":"https:\/\/www.karinahome.lv\/ru\/wp-json\/wp\/v2\/pages\/1341\/revisions\/2715"}],"up":[{"embeddable":true,"href":"https:\/\/www.karinahome.lv\/ru\/wp-json\/wp\/v2\/pages\/1050"}],"wp:attachment":[{"href":"https:\/\/www.karinahome.lv\/ru\/wp-json\/wp\/v2\/media?parent=1341"}],"curies":[{"name":"wp","href":"https:\/\/api.w.org\/{rel}","templated":true}]}}