{"id":320,"date":"2022-06-17T10:49:15","date_gmt":"2022-06-17T07:49:15","guid":{"rendered":"https:\/\/karina-home.productive.pp.ua\/?page_id=320"},"modified":"2023-05-25T16:22:10","modified_gmt":"2023-05-25T13:22:10","slug":"complex","status":"publish","type":"page","link":"https:\/\/www.karinahome.lv\/ru\/services\/complex\/","title":{"rendered":"\u0410\u0440\u0435\u043d\u0434\u0430 \u043a\u043e\u043c\u043f\u043b\u0435\u043a\u0441\u0430"},"content":{"rendered":"<div data-elementor-type=\"wp-page\" data-elementor-id=\"320\" class=\"elementor elementor-320\" data-elementor-post-type=\"page\">\n\t\t\t\t\t\t<section class=\"elementor-section elementor-top-section elementor-element elementor-element-a0081b5 elementor-section-full_width elementor-section-height-min-height elementor-section-height-default elementor-section-items-middle\" data-id=\"a0081b5\" data-element_type=\"section\" data-e-type=\"section\" data-settings=\"{&quot;background_background&quot;:&quot;classic&quot;}\">\n\t\t\t\t\t\t\t<div class=\"elementor-background-overlay\"><\/div>\n\t\t\t\t\t\t\t<div class=\"elementor-container elementor-column-gap-default\">\n\t\t\t\t\t<div class=\"elementor-column elementor-col-100 elementor-top-column elementor-element elementor-element-fb3f387\" data-id=\"fb3f387\" data-element_type=\"column\" data-e-type=\"column\">\n\t\t\t<div class=\"elementor-widget-wrap elementor-element-populated\">\n\t\t\t\t\t\t<div class=\"elementor-element elementor-element-e6ea751 elementor-invisible elementor-widget elementor-widget-heading\" data-id=\"e6ea751\" data-element_type=\"widget\" data-e-type=\"widget\" data-settings=\"{&quot;_animation&quot;:&quot;fadeInUp&quot;}\" data-widget_type=\"heading.default\">\n\t\t\t\t<div class=\"elementor-widget-container\">\n\t\t\t\t\t<h1 class=\"elementor-heading-title elementor-size-default\">\u0410\u0440\u0435\u043d\u0434\u0430 \u043a\u043e\u043c\u043f\u043b\u0435\u043a\u0441\u0430<\/h1>\t\t\t\t<\/div>\n\t\t\t\t<\/div>\n\t\t\t\t\t<\/div>\n\t\t<\/div>\n\t\t\t\t\t<\/div>\n\t\t<\/section>\n\t\t\t\t<section class=\"elementor-section elementor-top-section elementor-element elementor-element-c4c23ad elementor-section-boxed elementor-section-height-default elementor-section-height-default\" data-id=\"c4c23ad\" data-element_type=\"section\" data-e-type=\"section\" data-settings=\"{&quot;background_background&quot;:&quot;classic&quot;}\">\n\t\t\t\t\t\t<div class=\"elementor-container elementor-column-gap-default\">\n\t\t\t\t\t<div class=\"elementor-column elementor-col-100 elementor-top-column elementor-element elementor-element-abbb90c\" data-id=\"abbb90c\" data-element_type=\"column\" data-e-type=\"column\">\n\t\t\t<div class=\"elementor-widget-wrap elementor-element-populated\">\n\t\t\t\t\t\t<section class=\"elementor-section elementor-inner-section elementor-element elementor-element-f7c6698 elementor-section-boxed elementor-section-height-default elementor-section-height-default\" data-id=\"f7c6698\" data-element_type=\"section\" data-e-type=\"section\" data-settings=\"{&quot;background_background&quot;:&quot;classic&quot;}\">\n\t\t\t\t\t\t<div class=\"elementor-container elementor-column-gap-default\">\n\t\t\t\t\t<div class=\"elementor-column elementor-col-50 elementor-inner-column elementor-element elementor-element-3a038b4\" data-id=\"3a038b4\" data-element_type=\"column\" data-e-type=\"column\">\n\t\t\t<div class=\"elementor-widget-wrap elementor-element-populated\">\n\t\t\t\t\t\t<div class=\"elementor-element elementor-element-a4c1f76 elementor-widget elementor-widget-image\" data-id=\"a4c1f76\" data-element_type=\"widget\" data-e-type=\"widget\" data-widget_type=\"image.default\">\n\t\t\t\t<div class=\"elementor-widget-container\">\n\t\t\t\t\t\t\t\t\t\t\t\t\t\t\t<img fetchpriority=\"high\" decoding=\"async\" width=\"640\" height=\"427\" src=\"https:\/\/www.karinahome.lv\/wp-content\/uploads\/2023-05-03-10.42.04-1024x683.jpg\" class=\"attachment-large size-large wp-image-2118\" alt=\"\" srcset=\"https:\/\/www.karinahome.lv\/wp-content\/uploads\/2023-05-03-10.42.04-1024x683.jpg 1024w, https:\/\/www.karinahome.lv\/wp-content\/uploads\/2023-05-03-10.42.04-300x200.jpg 300w, https:\/\/www.karinahome.lv\/wp-content\/uploads\/2023-05-03-10.42.04-768x512.jpg 768w, https:\/\/www.karinahome.lv\/wp-content\/uploads\/2023-05-03-10.42.04.jpg 1280w\" sizes=\"(max-width: 640px) 100vw, 640px\" title=\"\">\t\t\t\t\t\t\t\t\t\t\t\t\t\t\t<\/div>\n\t\t\t\t<\/div>\n\t\t\t\t\t<\/div>\n\t\t<\/div>\n\t\t\t\t<div class=\"elementor-column elementor-col-50 elementor-inner-column elementor-element elementor-element-d5d7723\" data-id=\"d5d7723\" data-element_type=\"column\" data-e-type=\"column\">\n\t\t\t<div class=\"elementor-widget-wrap elementor-element-populated\">\n\t\t\t\t\t\t<div class=\"elementor-element elementor-element-82656eb elementor-widget elementor-widget-heading\" data-id=\"82656eb\" data-element_type=\"widget\" data-e-type=\"widget\" data-widget_type=\"heading.default\">\n\t\t\t\t<div class=\"elementor-widget-container\">\n\t\t\t\t\t<h2 class=\"elementor-heading-title elementor-size-default\">\u0410\u0440\u0435\u043d\u0434\u0430 \u0432\u0441\u0435\u0433\u043e \u043a\u043e\u043c\u043f\u043b\u0435\u043a\u0441\u0430<\/h2>\t\t\t\t<\/div>\n\t\t\t\t<\/div>\n\t\t\t\t<div class=\"elementor-element elementor-element-b546dbc elementor-widget elementor-widget-text-editor\" data-id=\"b546dbc\" data-element_type=\"widget\" data-e-type=\"widget\" data-widget_type=\"text-editor.default\">\n\t\t\t\t<div class=\"elementor-widget-container\">\n\t\t\t\t\t\t\t\t\t<p>\u0412\u0435\u0441\u044c \u043a\u043e\u043c\u043f\u043b\u0435\u043a\u0441 \u0432\u043a\u043b\u044e\u0447\u0430\u0435\u0442 \u0432 \u0441\u0435\u0431\u044f 10 \u0441\u043f\u0430\u043b\u044c\u043d\u044b\u0445 \u043c\u0435\u0441\u0442, \u0431\u0430\u043d\u043a\u0435\u0442\u043d\u044b\u0439 \u0437\u0430\u043b, \u0441\u043f\u0430-\u0437\u043e\u043d\u0443 \u043f\u043e\u0434 \u043e\u0442\u043a\u0440\u044b\u0442\u044b\u043c \u043d\u0435\u0431\u043e\u043c, 2 \u043c\u0430\u043d\u0433\u0430\u043b\u0430.<\/p><p>\u0420\u044f\u0434\u043e\u043c \u0441 <strong>KARINA HOME<\/strong> \u0412 400 \u043c\u0435\u0442\u0440\u0430\u0445 \u043e\u0442 \u043e\u0442\u0435\u043b\u044f \u043d\u0430\u0445\u043e\u0434\u0438\u0442\u0441\u044f \u043e\u0431\u0449\u0435\u0441\u0442\u0432\u0435\u043d\u043d\u044b\u0439 \u043f\u043b\u044f\u0436.<\/p>\t\t\t\t\t\t\t\t<\/div>\n\t\t\t\t<\/div>\n\t\t\t\t<div class=\"elementor-element elementor-element-11e9d02 elementor-widget elementor-widget-price-list\" data-id=\"11e9d02\" data-element_type=\"widget\" data-e-type=\"widget\" data-widget_type=\"price-list.default\">\n\t\t\t\t<div class=\"elementor-widget-container\">\n\t\t\t\t\t\n\t\t<ul class=\"elementor-price-list\">\n\n\t\t\t\t\t\t\t\t\t<li class=\"elementor-price-list-item\">\t\t\t\t\n\t\t\t\t<div class=\"elementor-price-list-text\">\n\t\t\t\t\t\t\t\t\t<div class=\"elementor-price-list-header\">\n\t\t\t\t\t\t\t\t\t\t\t<span class=\"elementor-price-list-title\">\n\t\t\t\t\t\t\t\u0420\u0430\u0431\u043e\u0447\u0438\u0435 \u0434\u043d\u0438\t\t\t\t\t\t<\/span>\n\t\t\t\t\t\t\t\t\t\t\t\t\t\t\t\t\t\t<span class=\"elementor-price-list-separator\"><\/span>\n\t\t\t\t\t\t\t\t\t\t\t\t\t\t\t\t\t\t\t<span class=\"elementor-price-list-price\">580.00\u20ac<\/span>\n\t\t\t\t\t\t\t\t\t\t<\/div>\n\t\t\t\t\t\t\t\t\t\t\t\t\t\t\t<p class=\"elementor-price-list-description\">\n\t\t\t\t\t\t\t\u0432 \u0434\u0435\u043d\u044c\t\t\t\t\t\t<\/p>\n\t\t\t\t\t\t\t\t<\/div>\n\t\t\t\t<\/li>\t\t\t\t\t\t\t\t\t\t\t\t<li class=\"elementor-price-list-item\">\t\t\t\t\n\t\t\t\t<div class=\"elementor-price-list-text\">\n\t\t\t\t\t\t\t\t\t<div class=\"elementor-price-list-header\">\n\t\t\t\t\t\t\t\t\t\t\t<span class=\"elementor-price-list-title\">\n\t\t\t\t\t\t\t\u041f\u043e \u0432\u044b\u0445\u043e\u0434\u043d\u044b\u043c\t\t\t\t\t\t<\/span>\n\t\t\t\t\t\t\t\t\t\t\t\t\t\t\t\t\t\t<span class=\"elementor-price-list-separator\"><\/span>\n\t\t\t\t\t\t\t\t\t\t\t\t\t\t\t\t\t\t\t<span class=\"elementor-price-list-price\">700.00\u20ac<\/span>\n\t\t\t\t\t\t\t\t\t\t<\/div>\n\t\t\t\t\t\t\t\t\t\t\t\t\t\t\t<p class=\"elementor-price-list-description\">\n\t\t\t\t\t\t\t\u0432 \u0434\u0435\u043d\u044c\t\t\t\t\t\t<\/p>\n\t\t\t\t\t\t\t\t<\/div>\n\t\t\t\t<\/li>\t\t\t\t\t\n\t\t<\/ul>\n\n\t\t\t\t\t\t<\/div>\n\t\t\t\t<\/div>\n\t\t\t\t\t<\/div>\n\t\t<\/div>\n\t\t\t\t\t<\/div>\n\t\t<\/section>\n\t\t\t\t<section class=\"elementor-section elementor-inner-section elementor-element elementor-element-136bee7 elementor-reverse-mobile elementor-section-boxed elementor-section-height-default elementor-section-height-default\" data-id=\"136bee7\" data-element_type=\"section\" data-e-type=\"section\" data-settings=\"{&quot;background_background&quot;:&quot;classic&quot;}\">\n\t\t\t\t\t\t<div class=\"elementor-container elementor-column-gap-default\">\n\t\t\t\t\t<div class=\"elementor-column elementor-col-50 elementor-inner-column elementor-element elementor-element-6352d69\" data-id=\"6352d69\" data-element_type=\"column\" data-e-type=\"column\" id=\"sauna\">\n\t\t\t<div class=\"elementor-widget-wrap elementor-element-populated\">\n\t\t\t\t\t\t<div class=\"elementor-element elementor-element-ff5bf03 elementor-widget elementor-widget-heading\" data-id=\"ff5bf03\" data-element_type=\"widget\" data-e-type=\"widget\" data-widget_type=\"heading.default\">\n\t\t\t\t<div class=\"elementor-widget-container\">\n\t\t\t\t\t<h2 class=\"elementor-heading-title elementor-size-default\">\u0410\u0440\u0435\u043d\u0434\u0430 \u0441\u0430\u0443\u043d\u044b<\/h2>\t\t\t\t<\/div>\n\t\t\t\t<\/div>\n\t\t\t\t<div class=\"elementor-element elementor-element-91ec651 elementor-widget elementor-widget-price-list\" data-id=\"91ec651\" data-element_type=\"widget\" data-e-type=\"widget\" data-widget_type=\"price-list.default\">\n\t\t\t\t<div class=\"elementor-widget-container\">\n\t\t\t\t\t\n\t\t<ul class=\"elementor-price-list\">\n\n\t\t\t\t\t\t\t\t\t<li class=\"elementor-price-list-item\">\t\t\t\t\n\t\t\t\t<div class=\"elementor-price-list-text\">\n\t\t\t\t\t\t\t\t\t<div class=\"elementor-price-list-header\">\n\t\t\t\t\t\t\t\t\t\t\t<span class=\"elementor-price-list-title\">\n\t\t\t\t\t\t\t\u0410\u0440\u0435\u043d\u0434\u0430 \u0441\u0430\u0443\u043d\u044b\t\t\t\t\t\t<\/span>\n\t\t\t\t\t\t\t\t\t\t\t\t\t\t\t\t\t\t<span class=\"elementor-price-list-separator\"><\/span>\n\t\t\t\t\t\t\t\t\t\t\t\t\t\t\t\t\t\t\t<span class=\"elementor-price-list-price\">25.00\u20ac<\/span>\n\t\t\t\t\t\t\t\t\t\t<\/div>\n\t\t\t\t\t\t\t\t\t\t\t\t\t\t\t<p class=\"elementor-price-list-description\">\n\t\t\t\t\t\t\t\u043d\u0430 \u0447\u0435\u043b\u043e\u0432\u0435\u043a\u0430 \u0432 \u0447\u0430\u0441 (\u043c\u0438\u043d. 4 \u0447\u0435\u043b\u043e\u0432\u0435\u043a\u0430)\t\t\t\t\t\t<\/p>\n\t\t\t\t\t\t\t\t<\/div>\n\t\t\t\t<\/li>\t\t\t\t\t\t\t\t\t\t\t\t<li class=\"elementor-price-list-item\">\t\t\t\t\n\t\t\t\t<div class=\"elementor-price-list-text\">\n\t\t\t\t\t\t\t\t\t<div class=\"elementor-price-list-header\">\n\t\t\t\t\t\t\t\t\t\t\t<span class=\"elementor-price-list-title\">\n\t\t\t\t\t\t\t\u041f\u0440\u043e\u0434\u043b\u0435\u043d\u0438\u0435 \u0443\u0441\u043b\u0443\u0433\u0438\t\t\t\t\t\t<\/span>\n\t\t\t\t\t\t\t\t\t\t\t\t\t\t\t\t\t\t<span class=\"elementor-price-list-separator\"><\/span>\n\t\t\t\t\t\t\t\t\t\t\t\t\t\t\t\t\t\t\t<span class=\"elementor-price-list-price\">10.00\u20ac<\/span>\n\t\t\t\t\t\t\t\t\t\t<\/div>\n\t\t\t\t\t\t\t\t\t\t\t\t\t\t\t<p class=\"elementor-price-list-description\">\n\t\t\t\t\t\t\t\u0437\u0430 \u043a\u0430\u0436\u0434\u044b\u0439 \u0434\u043e\u043f\u043e\u043b\u043d\u0438\u0442\u0435\u043b\u044c\u043d\u044b\u0439 \u0447\u0430\u0441\t\t\t\t\t\t<\/p>\n\t\t\t\t\t\t\t\t<\/div>\n\t\t\t\t<\/li>\t\t\t\t\t\t\t\t\t\t\t\t<li class=\"elementor-price-list-item\">\t\t\t\t\n\t\t\t\t<div class=\"elementor-price-list-text\">\n\t\t\t\t\t\t\t\t\t<div class=\"elementor-price-list-header\">\n\t\t\t\t\t\t\t\t\t\t\t<span class=\"elementor-price-list-title\">\n\t\t\t\t\t\t\t\u0410\u0440\u0435\u043d\u0434\u0430 \u0431\u0430\u043d\u043d\u044b\u0445 \u043f\u043e\u043b\u043e\u0442\u0435\u043d\u0435\u0446\t\t\t\t\t\t<\/span>\n\t\t\t\t\t\t\t\t\t\t\t\t\t\t\t\t\t\t<span class=\"elementor-price-list-separator\"><\/span>\n\t\t\t\t\t\t\t\t\t\t\t\t\t\t\t\t\t\t\t<span class=\"elementor-price-list-price\">2.50\u20ac<\/span>\n\t\t\t\t\t\t\t\t\t\t<\/div>\n\t\t\t\t\t\t\t\t\t\t\t\t\t\t\t<p class=\"elementor-price-list-description\">\n\t\t\t\t\t\t\t\u0437\u0430 \u0435\u0434\u0435\u043d\u0438\u0446\u0443\t\t\t\t\t\t<\/p>\n\t\t\t\t\t\t\t\t<\/div>\n\t\t\t\t<\/li>\t\t\t\t\t\t\t\t\t\t\t\t<li class=\"elementor-price-list-item\">\t\t\t\t\n\t\t\t\t<div class=\"elementor-price-list-text\">\n\t\t\t\t\t\t\t\t\t<div class=\"elementor-price-list-header\">\n\t\t\t\t\t\t\t\t\t\t\t<span class=\"elementor-price-list-title\">\n\t\t\t\t\t\t\t\u041f\u0440\u043e\u043a\u0430\u0442 \u0445\u0430\u043b\u0430\u0442\u043e\u0432\t\t\t\t\t\t<\/span>\n\t\t\t\t\t\t\t\t\t\t\t\t\t\t\t\t\t\t<span class=\"elementor-price-list-separator\"><\/span>\n\t\t\t\t\t\t\t\t\t\t\t\t\t\t\t\t\t\t\t<span class=\"elementor-price-list-price\">3.00\u20ac<\/span>\n\t\t\t\t\t\t\t\t\t\t<\/div>\n\t\t\t\t\t\t\t\t\t\t\t\t\t\t\t<p class=\"elementor-price-list-description\">\n\t\t\t\t\t\t\t\u0437\u0430 \u0435\u0434\u0435\u043d\u0438\u0446\u0443\t\t\t\t\t\t<\/p>\n\t\t\t\t\t\t\t\t<\/div>\n\t\t\t\t<\/li>\t\t\t\t\t\n\t\t<\/ul>\n\n\t\t\t\t\t\t<\/div>\n\t\t\t\t<\/div>\n\t\t\t\t\t<\/div>\n\t\t<\/div>\n\t\t\t\t<div class=\"elementor-column elementor-col-50 elementor-inner-column elementor-element elementor-element-414a7f8\" data-id=\"414a7f8\" data-element_type=\"column\" data-e-type=\"column\">\n\t\t\t<div class=\"elementor-widget-wrap elementor-element-populated\">\n\t\t\t\t\t\t<div class=\"elementor-element elementor-element-54eb620 elementor-widget elementor-widget-image\" data-id=\"54eb620\" data-element_type=\"widget\" data-e-type=\"widget\" data-widget_type=\"image.default\">\n\t\t\t\t<div class=\"elementor-widget-container\">\n\t\t\t\t\t\t\t\t\t\t\t\t\t\t\t<img decoding=\"async\" width=\"640\" height=\"426\" src=\"https:\/\/www.karinahome.lv\/wp-content\/uploads\/2023-05-03-10.38.54-1024x682.jpg\" class=\"attachment-large size-large wp-image-2164\" alt=\"\" srcset=\"https:\/\/www.karinahome.lv\/wp-content\/uploads\/2023-05-03-10.38.54-1024x682.jpg 1024w, https:\/\/www.karinahome.lv\/wp-content\/uploads\/2023-05-03-10.38.54-300x200.jpg 300w, https:\/\/www.karinahome.lv\/wp-content\/uploads\/2023-05-03-10.38.54-768x512.jpg 768w, https:\/\/www.karinahome.lv\/wp-content\/uploads\/2023-05-03-10.38.54.jpg 1280w\" sizes=\"(max-width: 640px) 100vw, 640px\" title=\"\">\t\t\t\t\t\t\t\t\t\t\t\t\t\t\t<\/div>\n\t\t\t\t<\/div>\n\t\t\t\t\t<\/div>\n\t\t<\/div>\n\t\t\t\t\t<\/div>\n\t\t<\/section>\n\t\t\t\t<section class=\"elementor-section elementor-inner-section elementor-element elementor-element-675dca4 elementor-section-boxed elementor-section-height-default elementor-section-height-default\" data-id=\"675dca4\" data-element_type=\"section\" data-e-type=\"section\" data-settings=\"{&quot;background_background&quot;:&quot;classic&quot;}\">\n\t\t\t\t\t\t<div class=\"elementor-container elementor-column-gap-default\">\n\t\t\t\t\t<div class=\"elementor-column elementor-col-50 elementor-inner-column elementor-element elementor-element-6586ffe\" data-id=\"6586ffe\" data-element_type=\"column\" data-e-type=\"column\">\n\t\t\t<div class=\"elementor-widget-wrap elementor-element-populated\">\n\t\t\t\t\t\t<div class=\"elementor-element elementor-element-4403b68 elementor-widget elementor-widget-image\" data-id=\"4403b68\" data-element_type=\"widget\" data-e-type=\"widget\" data-widget_type=\"image.default\">\n\t\t\t\t<div class=\"elementor-widget-container\">\n\t\t\t\t\t\t\t\t\t\t\t\t\t\t\t<img decoding=\"async\" width=\"640\" height=\"426\" src=\"https:\/\/www.karinahome.lv\/wp-content\/uploads\/2023-05-03-10.45.10-1024x682.jpg\" class=\"attachment-large size-large wp-image-2144\" alt=\"\" srcset=\"https:\/\/www.karinahome.lv\/wp-content\/uploads\/2023-05-03-10.45.10-1024x682.jpg 1024w, https:\/\/www.karinahome.lv\/wp-content\/uploads\/2023-05-03-10.45.10-300x200.jpg 300w, https:\/\/www.karinahome.lv\/wp-content\/uploads\/2023-05-03-10.45.10-768x512.jpg 768w, https:\/\/www.karinahome.lv\/wp-content\/uploads\/2023-05-03-10.45.10.jpg 1280w\" sizes=\"(max-width: 640px) 100vw, 640px\" title=\"\">\t\t\t\t\t\t\t\t\t\t\t\t\t\t\t<\/div>\n\t\t\t\t<\/div>\n\t\t\t\t\t<\/div>\n\t\t<\/div>\n\t\t\t\t<div class=\"elementor-column elementor-col-50 elementor-inner-column elementor-element elementor-element-aa0c7fc\" data-id=\"aa0c7fc\" data-element_type=\"column\" data-e-type=\"column\">\n\t\t\t<div class=\"elementor-widget-wrap elementor-element-populated\">\n\t\t\t\t\t\t<div class=\"elementor-element elementor-element-06841be elementor-widget elementor-widget-heading\" data-id=\"06841be\" data-element_type=\"widget\" data-e-type=\"widget\" data-widget_type=\"heading.default\">\n\t\t\t\t<div class=\"elementor-widget-container\">\n\t\t\t\t\t<h2 class=\"elementor-heading-title elementor-size-default\">\u0410\u0440\u0435\u043d\u0434\u0430 \u0431\u0430\u043d\u043a\u0435\u0442\u043d\u043e\u0433\u043e \u0437\u0430\u043b\u0430<\/h2>\t\t\t\t<\/div>\n\t\t\t\t<\/div>\n\t\t\t\t<div class=\"elementor-element elementor-element-05e4cf5 elementor-widget elementor-widget-text-editor\" data-id=\"05e4cf5\" data-element_type=\"widget\" data-e-type=\"widget\" data-widget_type=\"text-editor.default\">\n\t\t\t\t<div class=\"elementor-widget-container\">\n\t\t\t\t\t\t\t\t\t<p>\u0410\u0440\u0435\u043d\u0434\u0430 \u0431\u0430\u043d\u043a\u0435\u0442\u043d\u043e\u0433\u043e \u0437\u0430\u043b\u0430 (142 \u043c2) \u0442\u0430\u043a\u0436\u0435 \u0432\u043a\u043b\u044e\u0447\u0430\u0435\u0442 \u043d\u0435\u0431\u043e\u043b\u044c\u0448\u0443\u044e \u043c\u0438\u043d\u0438-\u043a\u0443\u0445\u043d\u044e.<\/p><p>\u041f\u043e\u0441\u0443\u0434\u0430 \u0442\u0430\u043a\u0436\u0435 \u0432\u0445\u043e\u0434\u0438\u0442 \u0432 \u0443\u0441\u043b\u0443\u0433\u0443.<\/p>\t\t\t\t\t\t\t\t<\/div>\n\t\t\t\t<\/div>\n\t\t\t\t<div class=\"elementor-element elementor-element-4a31a89 elementor-widget elementor-widget-price-list\" data-id=\"4a31a89\" data-element_type=\"widget\" data-e-type=\"widget\" data-widget_type=\"price-list.default\">\n\t\t\t\t<div class=\"elementor-widget-container\">\n\t\t\t\t\t\n\t\t<ul class=\"elementor-price-list\">\n\n\t\t\t\t\t\t\t\t\t<li class=\"elementor-price-list-item\">\t\t\t\t\n\t\t\t\t<div class=\"elementor-price-list-text\">\n\t\t\t\t\t\t\t\t\t<div class=\"elementor-price-list-header\">\n\t\t\t\t\t\t\t\t\t\t\t<span class=\"elementor-price-list-title\">\n\t\t\t\t\t\t\t\u0410\u0440\u0435\u043d\u0434\u0430\t\t\t\t\t\t<\/span>\n\t\t\t\t\t\t\t\t\t\t\t\t\t\t\t\t\t\t<span class=\"elementor-price-list-separator\"><\/span>\n\t\t\t\t\t\t\t\t\t\t\t\t\t\t\t\t\t\t\t<span class=\"elementor-price-list-price\">60.00\u20ac<\/span>\n\t\t\t\t\t\t\t\t\t\t<\/div>\n\t\t\t\t\t\t\t\t\t\t\t\t\t\t\t<p class=\"elementor-price-list-description\">\n\t\t\t\t\t\t\t\u0432 \u0447\u0430\u0441 (\u0438\u043b\u0438 \u0438\u043d\u0434\u0438\u0432\u0438\u0434\u0443\u0430\u043b\u044c\u043d\u043e  \u0432 \u0437\u0430\u0432\u0438\u0441\u0438\u043c\u043e\u0441\u0442\u0438 \u043e\u0442 \u0444\u043e\u0440\u043c\u0430\u0442\u0430 \u043c\u0435\u0440\u043e\u043f\u0440\u0438\u044f\u0442\u0438\u044f).\t\t\t\t\t\t<\/p>\n\t\t\t\t\t\t\t\t<\/div>\n\t\t\t\t<\/li>\t\t\t\t\t\n\t\t<\/ul>\n\n\t\t\t\t\t\t<\/div>\n\t\t\t\t<\/div>\n\t\t\t\t\t<\/div>\n\t\t<\/div>\n\t\t\t\t\t<\/div>\n\t\t<\/section>\n\t\t\t\t<section class=\"elementor-section elementor-inner-section elementor-element elementor-element-b5073a5 elementor-reverse-mobile elementor-section-boxed elementor-section-height-default elementor-section-height-default\" data-id=\"b5073a5\" data-element_type=\"section\" data-e-type=\"section\" data-settings=\"{&quot;background_background&quot;:&quot;classic&quot;}\">\n\t\t\t\t\t\t<div class=\"elementor-container elementor-column-gap-default\">\n\t\t\t\t\t<div class=\"elementor-column elementor-col-50 elementor-inner-column elementor-element elementor-element-83b945f\" data-id=\"83b945f\" data-element_type=\"column\" data-e-type=\"column\" id=\"room\">\n\t\t\t<div class=\"elementor-widget-wrap elementor-element-populated\">\n\t\t\t\t\t\t<div class=\"elementor-element elementor-element-0d2ae87 elementor-widget elementor-widget-heading\" data-id=\"0d2ae87\" data-element_type=\"widget\" data-e-type=\"widget\" data-widget_type=\"heading.default\">\n\t\t\t\t<div class=\"elementor-widget-container\">\n\t\t\t\t\t<h2 class=\"elementor-heading-title elementor-size-default\">\u0410\u0440\u0435\u043d\u0434\u0430 \u0443\u0434\u043e\u0431\u043d\u044b\u0445 \u043d\u043e\u043c\u0435\u0440\u043e\u0432<\/h2>\t\t\t\t<\/div>\n\t\t\t\t<\/div>\n\t\t\t\t<div class=\"elementor-element elementor-element-5f458c9 elementor-widget elementor-widget-text-editor\" data-id=\"5f458c9\" data-element_type=\"widget\" data-e-type=\"widget\" data-widget_type=\"text-editor.default\">\n\t\t\t\t<div class=\"elementor-widget-container\">\n\t\t\t\t\t\t\t\t\t<p>\u041a \u0443\u0441\u043b\u0443\u0433\u0430\u043c \u0433\u043e\u0441\u0442\u0435\u0439 3 \u043a\u043e\u043c\u0444\u043e\u0440\u0442\u0430\u0431\u0435\u043b\u044c\u043d\u044b\u0445 \u043d\u043e\u043c\u0435\u0440\u0430, \u0441\u0442\u043e\u0438\u043c\u043e\u0441\u0442\u044c \u043a\u043e\u0442\u043e\u0440\u044b\u0445 \u0441\u043e\u0441\u0442\u0430\u0432\u043b\u044f\u0435\u0442 \u043e\u0442 \u20ac 65 \u0434\u043e \u20ac 80 \u0437\u0430 \u043d\u043e\u0447\u044c.<\/p><p>\u0417\u0430 \u0434\u043e\u043f\u043e\u043b\u043d\u0438\u0442\u0435\u043b\u044c\u043d\u0443\u044e \u043f\u043b\u0430\u0442\u0443 \u0442\u0430\u043a\u0436\u0435 \u043f\u0440\u0435\u0434\u043e\u0441\u0442\u0430\u0432\u043b\u044f\u0435\u0442\u0441\u044f  \u0437\u0430\u0432\u0442\u0440\u0430\u043a.<\/p>\t\t\t\t\t\t\t\t<\/div>\n\t\t\t\t<\/div>\n\t\t\t\t<div class=\"elementor-element elementor-element-767100a elementor-alert-danger elementor-widget elementor-widget-alert\" data-id=\"767100a\" data-element_type=\"widget\" data-e-type=\"widget\" data-widget_type=\"alert.default\">\n\t\t\t\t<div class=\"elementor-widget-container\">\n\t\t\t\t\t\t\t<div class=\"elementor-alert\" role=\"alert\">\n\n\t\t\t\t\t\t<span class=\"elementor-alert-title\">\u0412\u0430\u0436\u043d\u043e!<\/span>\n\t\t\t\n\t\t\t\t\t\t<span class=\"elementor-alert-description\">\u0423\u0441\u043b\u0443\u0433\u0430 \u0434\u043e\u0441\u0442\u0443\u043f\u043d\u0430 \u0441 1 \u043c\u0430\u044f \u043f\u043e 1 \u043d\u043e\u044f\u0431\u0440\u044f!<\/span>\n\t\t\t\n\t\t\t\t\t\t<button type=\"button\" class=\"elementor-alert-dismiss\" aria-label=\"\u0417\u0430\u043a\u0440\u044b\u0442\u044c \u044d\u0442\u043e \u043f\u0440\u0435\u0434\u0443\u043f\u0440\u0435\u0436\u0434\u0435\u043d\u0438\u0435.\">\n\t\t\t\t\t\t\t\t\t<span aria-hidden=\"true\">\u00d7<\/span>\n\t\t\t\t\t\t\t<\/button>\n\t\t\t\n\t\t<\/div>\n\t\t\t\t\t\t<\/div>\n\t\t\t\t<\/div>\n\t\t\t\t<div class=\"elementor-element elementor-element-e766714 elementor-align-right elementor-widget elementor-widget-button\" data-id=\"e766714\" data-element_type=\"widget\" data-e-type=\"widget\" data-widget_type=\"button.default\">\n\t\t\t\t<div class=\"elementor-widget-container\">\n\t\t\t\t\t\t\t\t\t<div class=\"elementor-button-wrapper\">\n\t\t\t\t\t<a class=\"elementor-button elementor-button-link elementor-size-sm\" href=\"https:\/\/www.karinahome.lv\/ru\/ertu-numuru-noma\/\">\n\t\t\t\t\t\t<span class=\"elementor-button-content-wrapper\">\n\t\t\t\t\t\t\t\t\t<span class=\"elementor-button-text\">\u0421\u043c. \u043f\u043e\u0434\u0440\u043e\u0431\u043d\u0435\u0435<\/span>\n\t\t\t\t\t<\/span>\n\t\t\t\t\t<\/a>\n\t\t\t\t<\/div>\n\t\t\t\t\t\t\t\t<\/div>\n\t\t\t\t<\/div>\n\t\t\t\t\t<\/div>\n\t\t<\/div>\n\t\t\t\t<div class=\"elementor-column elementor-col-50 elementor-inner-column elementor-element elementor-element-d7bff3b\" data-id=\"d7bff3b\" data-element_type=\"column\" data-e-type=\"column\">\n\t\t\t<div class=\"elementor-widget-wrap elementor-element-populated\">\n\t\t\t\t\t\t<div class=\"elementor-element elementor-element-195b9b9 elementor-widget elementor-widget-image\" data-id=\"195b9b9\" data-element_type=\"widget\" data-e-type=\"widget\" data-widget_type=\"image.default\">\n\t\t\t\t<div class=\"elementor-widget-container\">\n\t\t\t\t\t\t\t\t\t\t\t\t\t\t\t<img loading=\"lazy\" decoding=\"async\" width=\"640\" height=\"426\" src=\"https:\/\/www.karinahome.lv\/wp-content\/uploads\/2023-05-03-10.40.35-1024x682.jpg\" class=\"attachment-large size-large wp-image-2109\" alt=\"\" srcset=\"https:\/\/www.karinahome.lv\/wp-content\/uploads\/2023-05-03-10.40.35-1024x682.jpg 1024w, https:\/\/www.karinahome.lv\/wp-content\/uploads\/2023-05-03-10.40.35-300x200.jpg 300w, https:\/\/www.karinahome.lv\/wp-content\/uploads\/2023-05-03-10.40.35-768x512.jpg 768w, https:\/\/www.karinahome.lv\/wp-content\/uploads\/2023-05-03-10.40.35.jpg 1280w\" sizes=\"(max-width: 640px) 100vw, 640px\" title=\"\">\t\t\t\t\t\t\t\t\t\t\t\t\t\t\t<\/div>\n\t\t\t\t<\/div>\n\t\t\t\t\t<\/div>\n\t\t<\/div>\n\t\t\t\t\t<\/div>\n\t\t<\/section>\n\t\t\t\t\t<\/div>\n\t\t<\/div>\n\t\t\t\t\t<\/div>\n\t\t<\/section>\n\t\t\t\t<\/div>","protected":false},"excerpt":{"rendered":"<p>Visa kompleksa noma Visa kompleksa nom\u0101 ietilpst 10 gu\u013camvietas, banketu z\u0101le, SPA zona zem atkl\u0101t\u0101m &nbsp;debes\u012bm, 2 mang\u0101li. Blakus KARINA HOME atrodas ar\u012b publisk\u0101 pludmale&nbsp;\u2014 400m att\u0101lum\u0101. Darbadien\u0101s 580.00\u20ac par diennakti Br\u012bvdien\u0101s 700.00\u20ac par diennakti Saunas noma Saunas noma 25.00\u20ac par personu stund\u0101 (min. 4 personas) Pakalpojuma pagarin\u0101jums 10.00\u20ac par katru n\u0101kamo stundu Pirts dvie\u013ca [&hellip;]<\/p>\n","protected":false},"author":1,"featured_media":0,"parent":328,"menu_order":0,"comment_status":"closed","ping_status":"closed","template":"elementor_header_footer","meta":{"footnotes":""},"class_list":["post-320","page","type-page","status-publish","hentry"],"_links":{"self":[{"href":"https:\/\/www.karinahome.lv\/ru\/wp-json\/wp\/v2\/pages\/320","targetHints":{"allow":["GET"]}}],"collection":[{"href":"https:\/\/www.karinahome.lv\/ru\/wp-json\/wp\/v2\/pages"}],"about":[{"href":"https:\/\/www.karinahome.lv\/ru\/wp-json\/wp\/v2\/types\/page"}],"author":[{"embeddable":true,"href":"https:\/\/www.karinahome.lv\/ru\/wp-json\/wp\/v2\/users\/1"}],"replies":[{"embeddable":true,"href":"https:\/\/www.karinahome.lv\/ru\/wp-json\/wp\/v2\/comments?post=320"}],"version-history":[{"count":6,"href":"https:\/\/www.karinahome.lv\/ru\/wp-json\/wp\/v2\/pages\/320\/revisions"}],"predecessor-version":[{"id":4498,"href":"https:\/\/www.karinahome.lv\/ru\/wp-json\/wp\/v2\/pages\/320\/revisions\/4498"}],"up":[{"embeddable":true,"href":"https:\/\/www.karinahome.lv\/ru\/wp-json\/wp\/v2\/pages\/328"}],"wp:attachment":[{"href":"https:\/\/www.karinahome.lv\/ru\/wp-json\/wp\/v2\/media?parent=320"}],"curies":[{"name":"wp","href":"https:\/\/api.w.org\/{rel}","templated":true}]}}