{"id":328,"date":"2022-06-17T12:00:53","date_gmt":"2022-06-17T09:00:53","guid":{"rendered":"https:\/\/karina-home.productive.pp.ua\/?page_id=328"},"modified":"2023-05-25T14:15:58","modified_gmt":"2023-05-25T11:15:58","slug":"services","status":"publish","type":"page","link":"https:\/\/www.karinahome.lv\/ru\/services\/","title":{"rendered":"\u0423\u0441\u043b\u0443\u0433\u0438"},"content":{"rendered":"<div data-elementor-type=\"wp-page\" data-elementor-id=\"328\" class=\"elementor elementor-328\" data-elementor-post-type=\"page\">\n\t\t\t\t\t\t<section class=\"elementor-section elementor-top-section elementor-element elementor-element-46ba496 elementor-section-full_width elementor-section-height-min-height elementor-section-height-default elementor-section-items-middle\" data-id=\"46ba496\" data-element_type=\"section\" data-e-type=\"section\" data-settings=\"{&quot;background_background&quot;:&quot;classic&quot;}\">\n\t\t\t\t\t\t\t<div class=\"elementor-background-overlay\"><\/div>\n\t\t\t\t\t\t\t<div class=\"elementor-container elementor-column-gap-default\">\n\t\t\t\t\t<div class=\"elementor-column elementor-col-100 elementor-top-column elementor-element elementor-element-51cd1c0\" data-id=\"51cd1c0\" data-element_type=\"column\" data-e-type=\"column\">\n\t\t\t<div class=\"elementor-widget-wrap elementor-element-populated\">\n\t\t\t\t\t\t<div class=\"elementor-element elementor-element-d68fbb8 elementor-invisible elementor-widget elementor-widget-heading\" data-id=\"d68fbb8\" data-element_type=\"widget\" data-e-type=\"widget\" data-settings=\"{&quot;_animation&quot;:&quot;fadeInUp&quot;}\" data-widget_type=\"heading.default\">\n\t\t\t\t<div class=\"elementor-widget-container\">\n\t\t\t\t\t<h3 class=\"elementor-heading-title elementor-size-default\">\u041f\u0440\u043e\u0432\u0435\u0434\u0438\u0442\u0435 \u043d\u0435\u0437\u0430\u0431\u044b\u0432\u0430\u0435\u043c\u043e\u0435 \u0432\u0440\u0435\u043c\u044f \u0432\u043c\u0435\u0441\u0442\u0435 \u0441 \u043d\u0430\u043c\u0438!<\/h3>\t\t\t\t<\/div>\n\t\t\t\t<\/div>\n\t\t\t\t\t<\/div>\n\t\t<\/div>\n\t\t\t\t\t<\/div>\n\t\t<\/section>\n\t\t\t\t<section class=\"elementor-section elementor-top-section elementor-element elementor-element-69b1729 elementor-section-boxed elementor-section-height-default elementor-section-height-default elementor-invisible\" data-id=\"69b1729\" data-element_type=\"section\" data-e-type=\"section\" data-settings=\"{&quot;animation&quot;:&quot;fadeIn&quot;}\">\n\t\t\t\t\t\t<div class=\"elementor-container elementor-column-gap-default\">\n\t\t\t\t\t<div class=\"elementor-column elementor-col-100 elementor-top-column elementor-element elementor-element-8879fd8\" data-id=\"8879fd8\" data-element_type=\"column\" data-e-type=\"column\">\n\t\t\t<div class=\"elementor-widget-wrap elementor-element-populated\">\n\t\t\t\t\t\t<div class=\"elementor-element elementor-element-c6c1104 elementor-widget elementor-widget-heading\" data-id=\"c6c1104\" data-element_type=\"widget\" data-e-type=\"widget\" data-widget_type=\"heading.default\">\n\t\t\t\t<div class=\"elementor-widget-container\">\n\t\t\t\t\t<h2 class=\"elementor-heading-title elementor-size-default\">\u0423\u0441\u043b\u0443\u0433\u0438 KARINA HOME<\/h2>\t\t\t\t<\/div>\n\t\t\t\t<\/div>\n\t\t\t\t\t<\/div>\n\t\t<\/div>\n\t\t\t\t\t<\/div>\n\t\t<\/section>\n\t\t\t\t<section class=\"elementor-section elementor-top-section elementor-element elementor-element-4978af6 elementor-section-boxed elementor-section-height-default elementor-section-height-default elementor-invisible\" data-id=\"4978af6\" data-element_type=\"section\" data-e-type=\"section\" data-settings=\"{&quot;animation&quot;:&quot;slideInLeft&quot;}\">\n\t\t\t\t\t\t<div class=\"elementor-container elementor-column-gap-default\">\n\t\t\t\t\t<div class=\"elementor-column elementor-col-33 elementor-top-column elementor-element elementor-element-b3d6b93\" data-id=\"b3d6b93\" data-element_type=\"column\" data-e-type=\"column\">\n\t\t\t<div class=\"elementor-widget-wrap elementor-element-populated\">\n\t\t\t\t\t\t<div class=\"elementor-element elementor-element-fb8257a elementor-position-top elementor-widget elementor-widget-image-box\" data-id=\"fb8257a\" data-element_type=\"widget\" data-e-type=\"widget\" data-widget_type=\"image-box.default\">\n\t\t\t\t<div class=\"elementor-widget-container\">\n\t\t\t\t\t<div class=\"elementor-image-box-wrapper\"><figure class=\"elementor-image-box-img\"><a href=\"https:\/\/www.karinahome.lv\/ru\/complex\/\" tabindex=\"-1\"><img fetchpriority=\"high\" decoding=\"async\" width=\"1280\" height=\"854\" src=\"https:\/\/www.karinahome.lv\/wp-content\/uploads\/2023-05-03-10.41.53.jpg\" class=\"attachment-full size-full wp-image-2117\" alt=\"\" title=\"\" srcset=\"https:\/\/www.karinahome.lv\/wp-content\/uploads\/2023-05-03-10.41.53.jpg 1280w, https:\/\/www.karinahome.lv\/wp-content\/uploads\/2023-05-03-10.41.53-300x200.jpg 300w, https:\/\/www.karinahome.lv\/wp-content\/uploads\/2023-05-03-10.41.53-1024x683.jpg 1024w, https:\/\/www.karinahome.lv\/wp-content\/uploads\/2023-05-03-10.41.53-768x512.jpg 768w\" sizes=\"(max-width: 1280px) 100vw, 1280px\" \/><\/a><\/figure><div class=\"elementor-image-box-content\"><h3 class=\"elementor-image-box-title\"><a href=\"https:\/\/www.karinahome.lv\/ru\/complex\/\">\u0410\u0440\u0435\u043d\u0434\u0430 \u043a\u043e\u043c\u043f\u043b\u0435\u043a\u0441\u0430<\/a><\/h3><\/div><\/div>\t\t\t\t<\/div>\n\t\t\t\t<\/div>\n\t\t\t\t\t<\/div>\n\t\t<\/div>\n\t\t\t\t<div class=\"elementor-column elementor-col-33 elementor-top-column elementor-element elementor-element-a47012c\" data-id=\"a47012c\" data-element_type=\"column\" data-e-type=\"column\">\n\t\t\t<div class=\"elementor-widget-wrap elementor-element-populated\">\n\t\t\t\t\t\t<div class=\"elementor-element elementor-element-9a331dc elementor-position-top elementor-widget elementor-widget-image-box\" data-id=\"9a331dc\" data-element_type=\"widget\" data-e-type=\"widget\" data-widget_type=\"image-box.default\">\n\t\t\t\t<div class=\"elementor-widget-container\">\n\t\t\t\t\t<div class=\"elementor-image-box-wrapper\"><figure class=\"elementor-image-box-img\"><a href=\"https:\/\/www.karinahome.lv\/ru\/restaurant\/\" tabindex=\"-1\"><img decoding=\"async\" width=\"1280\" height=\"853\" src=\"https:\/\/www.karinahome.lv\/wp-content\/uploads\/2023-05-03-10.44.32.jpg\" class=\"attachment-full size-full wp-image-2138\" alt=\"\" title=\"\" srcset=\"https:\/\/www.karinahome.lv\/wp-content\/uploads\/2023-05-03-10.44.32.jpg 1280w, https:\/\/www.karinahome.lv\/wp-content\/uploads\/2023-05-03-10.44.32-300x200.jpg 300w, https:\/\/www.karinahome.lv\/wp-content\/uploads\/2023-05-03-10.44.32-1024x682.jpg 1024w, https:\/\/www.karinahome.lv\/wp-content\/uploads\/2023-05-03-10.44.32-768x512.jpg 768w\" sizes=\"(max-width: 1280px) 100vw, 1280px\" \/><\/a><\/figure><div class=\"elementor-image-box-content\"><h3 class=\"elementor-image-box-title\"><a href=\"https:\/\/www.karinahome.lv\/ru\/restaurant\/\">\u0420\u0435\u0441\u0442\u043e\u0440\u0430\u043d<\/a><\/h3><\/div><\/div>\t\t\t\t<\/div>\n\t\t\t\t<\/div>\n\t\t\t\t\t<\/div>\n\t\t<\/div>\n\t\t\t\t<div class=\"elementor-column elementor-col-33 elementor-top-column elementor-element elementor-element-8d11673\" data-id=\"8d11673\" data-element_type=\"column\" data-e-type=\"column\">\n\t\t\t<div class=\"elementor-widget-wrap elementor-element-populated\">\n\t\t\t\t\t\t<div class=\"elementor-element elementor-element-020c540 elementor-position-top elementor-widget elementor-widget-image-box\" data-id=\"020c540\" data-element_type=\"widget\" data-e-type=\"widget\" data-widget_type=\"image-box.default\">\n\t\t\t\t<div class=\"elementor-widget-container\">\n\t\t\t\t\t<div class=\"elementor-image-box-wrapper\"><figure class=\"elementor-image-box-img\"><a href=\"https:\/\/www.karinahome.lv\/ru\/spa-masazas\/\" tabindex=\"-1\"><img decoding=\"async\" width=\"1500\" height=\"1000\" src=\"https:\/\/www.karinahome.lv\/wp-content\/uploads\/img-20220527-wa0035.jpg\" class=\"attachment-full size-full wp-image-401\" alt=\"\" title=\"\" srcset=\"https:\/\/www.karinahome.lv\/wp-content\/uploads\/img-20220527-wa0035.jpg 1500w, https:\/\/www.karinahome.lv\/wp-content\/uploads\/img-20220527-wa0035-300x200.jpg 300w, https:\/\/www.karinahome.lv\/wp-content\/uploads\/img-20220527-wa0035-1024x683.jpg 1024w, https:\/\/www.karinahome.lv\/wp-content\/uploads\/img-20220527-wa0035-768x512.jpg 768w\" sizes=\"(max-width: 1500px) 100vw, 1500px\" \/><\/a><\/figure><div class=\"elementor-image-box-content\"><h3 class=\"elementor-image-box-title\"><a href=\"https:\/\/www.karinahome.lv\/ru\/spa-masazas\/\">SPA - \u043c\u0430\u0441\u0441\u0430\u0436\u0438<\/a><\/h3><\/div><\/div>\t\t\t\t<\/div>\n\t\t\t\t<\/div>\n\t\t\t\t\t<\/div>\n\t\t<\/div>\n\t\t\t\t\t<\/div>\n\t\t<\/section>\n\t\t\t\t<section class=\"elementor-section elementor-top-section elementor-element elementor-element-445e21f elementor-section-boxed elementor-section-height-default elementor-section-height-default\" data-id=\"445e21f\" data-element_type=\"section\" data-e-type=\"section\" data-settings=\"{&quot;background_background&quot;:&quot;classic&quot;}\">\n\t\t\t\t\t\t<div class=\"elementor-container elementor-column-gap-default\">\n\t\t\t\t\t<div class=\"elementor-column elementor-col-100 elementor-top-column elementor-element elementor-element-510ece6\" data-id=\"510ece6\" data-element_type=\"column\" data-e-type=\"column\">\n\t\t\t<div class=\"elementor-widget-wrap elementor-element-populated\">\n\t\t\t\t\t\t<div class=\"elementor-element elementor-element-7e407ad elementor-invisible elementor-widget elementor-widget-heading\" data-id=\"7e407ad\" data-element_type=\"widget\" data-e-type=\"widget\" data-settings=\"{&quot;_animation&quot;:&quot;fadeInUp&quot;}\" data-widget_type=\"heading.default\">\n\t\t\t\t<div class=\"elementor-widget-container\">\n\t\t\t\t\t<h2 class=\"elementor-heading-title elementor-size-default\">\u041e\u0442\u0437\u044b\u0432\u044b<\/h2>\t\t\t\t<\/div>\n\t\t\t\t<\/div>\n\t\t\t\t<section class=\"elementor-section elementor-inner-section elementor-element elementor-element-0aed304 elementor-section-boxed elementor-section-height-default elementor-section-height-default elementor-invisible\" data-id=\"0aed304\" data-element_type=\"section\" data-e-type=\"section\" data-settings=\"{&quot;background_background&quot;:&quot;classic&quot;,&quot;animation&quot;:&quot;fadeInUp&quot;}\">\n\t\t\t\t\t\t<div class=\"elementor-container elementor-column-gap-default\">\n\t\t\t\t\t<div class=\"elementor-column elementor-col-100 elementor-inner-column elementor-element elementor-element-6197a82\" data-id=\"6197a82\" data-element_type=\"column\" data-e-type=\"column\">\n\t\t\t<div class=\"elementor-widget-wrap elementor-element-populated\">\n\t\t\t\t\t\t<div class=\"elementor-element elementor-element-5d79626 elementor--star-style-star_unicode testimonials-main elementor-arrows-yes elementor-pagination-type-bullets elementor-review--has-separator elementor-widget elementor-widget-reviews\" data-id=\"5d79626\" data-element_type=\"widget\" data-e-type=\"widget\" data-settings=\"{&quot;slides_per_view&quot;:&quot;3&quot;,&quot;show_arrows&quot;:&quot;yes&quot;,&quot;pagination&quot;:&quot;bullets&quot;,&quot;speed&quot;:500,&quot;autoplay&quot;:&quot;yes&quot;,&quot;autoplay_speed&quot;:5000,&quot;loop&quot;:&quot;yes&quot;,&quot;pause_on_hover&quot;:&quot;yes&quot;,&quot;pause_on_interaction&quot;:&quot;yes&quot;,&quot;space_between&quot;:{&quot;unit&quot;:&quot;px&quot;,&quot;size&quot;:10,&quot;sizes&quot;:[]},&quot;space_between_tablet&quot;:{&quot;unit&quot;:&quot;px&quot;,&quot;size&quot;:10,&quot;sizes&quot;:[]},&quot;space_between_mobile&quot;:{&quot;unit&quot;:&quot;px&quot;,&quot;size&quot;:10,&quot;sizes&quot;:[]}}\" data-widget_type=\"reviews.default\">\n\t\t\t\t<div class=\"elementor-widget-container\">\n\t\t\t\t\t\t\t\t\t<div class=\"elementor-swiper\">\n\t\t\t\t\t<div class=\"elementor-main-swiper swiper\" role=\"region\" aria-roledescription=\"carousel\" aria-label=\"\u0421\u043b\u0430\u0439\u0434\u0435\u0440\" data-no-translation-aria-label=\"\">\n\t\t\t\t<div class=\"swiper-wrapper\">\n\t\t\t\t\t\t\t\t\t\t\t<div class=\"swiper-slide\" role=\"group\" aria-roledescription=\"slide\">\n\t\t\t\t\t\t\t\t\t<div class=\"elementor-testimonial elementor-repeater-item-5967222\">\n\t\t\t\t\t\t\t<div class=\"elementor-testimonial__header\">\n\t\t\t\t\t\t\t\t\t\t<cite class=\"elementor-testimonial__cite\"><span class=\"elementor-testimonial__name\">\u0421\u0442\u0430\u043d\u0438\u0441\u043b\u0430\u0432\u0430 \u0411\u0430\u0442\u0430\u0440\u0430\u0433\u0430<\/span><div class=\"elementor-star-rating\"><i class=\"elementor-star-full\">&#9733;<\/i><i class=\"elementor-star-full\">&#9733;<\/i><i class=\"elementor-star-full\">&#9733;<\/i><i class=\"elementor-star-full\">&#9733;<\/i><i class=\"elementor-star-full\">&#9733;<\/i><\/div><\/cite>\t\t\t\t\t<div class=\"elementor-testimonial__icon elementor-icon elementor-icon-\" aria-label=\"\u0427\u0438\u0442\u0430\u0439 \u0435\u0449\u0451\" data-no-translation-aria-label=\"\"><\/div>\t\t\t\t<\/div>\n\t\t\t\t\t\t\t\t\t\t<div class=\"elementor-testimonial__content\">\n\t\t\t\t\t<div class=\"elementor-testimonial__text\">\n\t\t\t\t\t\t\u0421\u0435\u0433\u043e\u0434\u043d\u044f \u043c\u044b \u0441 \u0441\u0435\u043c\u044c\u0435\u0439 \u043e\u0442\u043c\u0435\u0447\u0430\u043b\u0438 \u0414\u0435\u043d\u044c \u043c\u0430\u0442\u0435\u0440\u0438, \u043c\u043e\u0439 \u0434\u0435\u043d\u044c \u0440\u043e\u0436\u0434\u0435\u043d\u0438\u044f \u0438 \u043c\u043e\u0438 \u0438\u043c\u0435\u043d\u0438\u043d\u044b. \u0412\u0441\u0435 \u0442\u0430\u043a \u0443\u0434\u0430\u0447\u043d\u043e \u0441\u043e\u0432\u043f\u0430\u043b\u043e. \u041c\u044b \u0431\u044b\u043b\u0438 \u0437\u0434\u0435\u0441\u044c \u0432\u043f\u0435\u0440\u0432\u044b\u0435. \u0412\u0441\u0435 \u043e\u0441\u0442\u0430\u043b\u0438\u0441\u044c \u043e\u0447\u0435\u043d\u044c \u0434\u043e\u0432\u043e\u043b\u044c\u043d\u044b. \u0421\u043e\u0432\u0440\u0435\u043c\u0435\u043d\u043d\u044b\u0439, \u0441\u0442\u0438\u043b\u044c\u043d\u044b\u0439 \u0438\u043d\u0442\u0435\u0440\u044c\u0435\u0440, \u0432\u043a\u0443\u0441\u043d\u0430\u044f \u0438 \u043a\u0440\u0430\u0441\u0438\u0432\u0430\u044f \u0435\u0434\u0430, \u0432\u0435\u0436\u043b\u0438\u0432\u043e\u0435 \u043e\u0431\u0441\u043b\u0443\u0436\u0438\u0432\u0430\u043d\u0438\u0435, \u0433\u043e\u0441\u0442\u0435\u043f\u0440\u0438\u0438\u043c\u043d\u0430\u044f \u0445\u043e\u0437\u044f\u0439\u043a\u0430. \u041f\u0440\u0438\u044f\u0442\u043d\u044b\u043c \u0441\u044e\u0440\u043f\u0440\u0438\u0437\u043e\u043c \u0441\u0442\u0430\u043b\u0430 \"\u0436\u0438\u0432\u0430\u044f\" \u043c\u0443\u0437\u044b\u043a\u0430. \u0425\u043e\u0437\u044f\u0439\u043a\u0430 \u0441\u0430\u043c\u0430 \u043f\u043e\u0435\u0442.\t\t\t\t\t<\/div>\n\t\t\t\t<\/div>\n\t\t\t\t\t<\/div>\n\t\t\t\t\t\t\t\t<\/div>\n\t\t\t\t\t\t\t\t\t\t\t<div class=\"swiper-slide\" role=\"group\" aria-roledescription=\"slide\">\n\t\t\t\t\t\t\t\t\t<div class=\"elementor-testimonial elementor-repeater-item-8b67e22\">\n\t\t\t\t\t\t\t<div class=\"elementor-testimonial__header\">\n\t\t\t\t\t\t\t\t\t\t<cite class=\"elementor-testimonial__cite\"><span class=\"elementor-testimonial__name\">\u0418\u0440\u0435\u043d\u0430 \u0413\u043e\u043d\u0447\u0430\u0440\u043e\u0432\u0430<\/span><div class=\"elementor-star-rating\"><i class=\"elementor-star-full\">&#9733;<\/i><i class=\"elementor-star-full\">&#9733;<\/i><i class=\"elementor-star-full\">&#9733;<\/i><i class=\"elementor-star-full\">&#9733;<\/i><i class=\"elementor-star-full\">&#9733;<\/i><\/div><\/cite>\t\t\t\t\t<div class=\"elementor-testimonial__icon elementor-icon elementor-icon-\" aria-label=\"\u0427\u0438\u0442\u0430\u0439 \u0435\u0449\u0451\" data-no-translation-aria-label=\"\"><\/div>\t\t\t\t<\/div>\n\t\t\t\t\t\t\t\t\t\t<div class=\"elementor-testimonial__content\">\n\t\t\t\t\t<div class=\"elementor-testimonial__text\">\n\t\t\t\t\t\t\u041f\u0440\u0438\u044f\u0442\u043d\u044b\u0439 \u0441\u044e\u0440\u043f\u0440\u0438\u0437 \u0441 \u0432\u0430\u0448\u0435\u0439 \u0441\u0442\u043e\u0440\u043e\u043d\u044b! \u0421\u043e \u0432\u043a\u0443\u0441\u043e\u043c \u043e\u0444\u043e\u0440\u043c\u043b\u0435\u043d\u043d\u043e\u0435 \u043c\u0435\u0441\u0442\u043e. \u041e\u0447\u0435\u043d\u044c \u0432\u043a\u0443\u0441\u043d\u0430\u044f \u0435\u0434\u0430! \u0414\u0440\u0443\u0436\u0435\u043b\u044e\u0431\u043d\u043e\u0435 \u043e\u0431\u0441\u043b\u0443\u0436\u0438\u0432\u0430\u043d\u0438\u0435. \u041e\u0442\u043b\u0438\u0447\u043d\u043e\u0435 \u043c\u0435\u0441\u0442\u043e \u0434\u043b\u044f \u043e\u0442\u0434\u044b\u0445\u0430. \u0420\u0435\u043a\u043e\u043c\u0435\u043d\u0434\u0443\u0435\u043c!\t\t\t\t\t<\/div>\n\t\t\t\t<\/div>\n\t\t\t\t\t<\/div>\n\t\t\t\t\t\t\t\t<\/div>\n\t\t\t\t\t\t\t\t\t\t\t<div class=\"swiper-slide\" role=\"group\" aria-roledescription=\"slide\">\n\t\t\t\t\t\t\t\t\t<div class=\"elementor-testimonial elementor-repeater-item-a6fb22e\">\n\t\t\t\t\t\t\t<div class=\"elementor-testimonial__header\">\n\t\t\t\t\t\t\t\t\t\t<cite class=\"elementor-testimonial__cite\"><span class=\"elementor-testimonial__name\">\u0418\u043d\u0435\u0441\u0441\u0430 \u041d\u043e\u0432\u0438\u0446\u043a\u0430\u044f<\/span><div class=\"elementor-star-rating\"><i class=\"elementor-star-full\">&#9733;<\/i><i class=\"elementor-star-full\">&#9733;<\/i><i class=\"elementor-star-full\">&#9733;<\/i><i class=\"elementor-star-full\">&#9733;<\/i><i class=\"elementor-star-full\">&#9733;<\/i><\/div><\/cite>\t\t\t\t\t<div class=\"elementor-testimonial__icon elementor-icon elementor-icon-\" aria-label=\"\u0427\u0438\u0442\u0430\u0439 \u0435\u0449\u0451\" data-no-translation-aria-label=\"\"><\/div>\t\t\t\t<\/div>\n\t\t\t\t\t\t\t\t\t\t<div class=\"elementor-testimonial__content\">\n\t\t\t\t\t<div class=\"elementor-testimonial__text\">\n\t\t\t\t\t\t\u0417\u0430\u043c\u0435\u0447\u0430\u0442\u0435\u043b\u044c\u043d\u0430\u044f \u0445\u043e\u0437\u044f\u0439\u043a\u0430! \u0423\u044e\u0442\u043d\u0430\u044f \u0430\u0442\u043c\u043e\u0441\u0444\u0435\u0440\u0430, \u0432\u043a\u0443\u0441\u043d\u0430\u044f \u0435\u0434\u0430! \u0412\u0441\u0435 \u043e\u0447\u0435\u043d\u044c \u0432\u043a\u0443\u0441\u043d\u043e \u0438 \u0441 \u0434\u0443\u0448\u043e\u0439! \u041c\u0435\u0441\u0442\u043e, \u0433\u0434\u0435 \u0436\u0438\u0432\u0435\u0442 \u043b\u044e\u0431\u043e\u0432\u044c!\t\t\t\t\t<\/div>\n\t\t\t\t<\/div>\n\t\t\t\t\t<\/div>\n\t\t\t\t\t\t\t\t<\/div>\n\t\t\t\t\t\t\t\t\t\t\t<div class=\"swiper-slide\" role=\"group\" aria-roledescription=\"slide\">\n\t\t\t\t\t\t\t\t\t<div class=\"elementor-testimonial elementor-repeater-item-e90d6b2\">\n\t\t\t\t\t\t\t<div class=\"elementor-testimonial__header\">\n\t\t\t\t\t\t\t\t\t\t<cite class=\"elementor-testimonial__cite\"><span class=\"elementor-testimonial__name\">\u0414\u0436\u0435\u043d\u0438\u0441 \u0411\u0438\u0440\u043a\u0441<\/span><div class=\"elementor-star-rating\"><i class=\"elementor-star-full\">&#9733;<\/i><i class=\"elementor-star-full\">&#9733;<\/i><i class=\"elementor-star-full\">&#9733;<\/i><i class=\"elementor-star-full\">&#9733;<\/i><i class=\"elementor-star-full\">&#9733;<\/i><\/div><\/cite>\t\t\t\t\t<div class=\"elementor-testimonial__icon elementor-icon elementor-icon-\" aria-label=\"\u0427\u0438\u0442\u0430\u0439 \u0435\u0449\u0451\" data-no-translation-aria-label=\"\"><\/div>\t\t\t\t<\/div>\n\t\t\t\t\t\t\t\t\t\t<div class=\"elementor-testimonial__content\">\n\t\t\t\t\t<div class=\"elementor-testimonial__text\">\n\t\t\t\t\t\t\u0413\u043e\u0441\u0442\u0435\u043f\u0440\u0438\u0438\u043c\u043d\u0430\u044f. \u041a\u0440\u0435\u0430\u0442\u0438\u0432\u043d\u0430\u044f, \u043f\u0440\u0438\u0432\u043b\u0435\u043a\u0430\u0442\u0435\u043b\u044c\u043d\u0430\u044f \u0445\u043e\u0437\u044f\u0439\u043a\u0430. \u0423\u044e\u0442\u043d\u044b\u0439 \u0438 \u0441\u043e \u0432\u043a\u0443\u0441\u043e\u043c \u043e\u0444\u043e\u0440\u043c\u043b\u0435\u043d\u043d\u044b\u0439 \u0438\u043d\u0442\u0435\u0440\u044c\u0435\u0440. \u041e\u0431\u0435\u0434 \u043f\u0440\u0435\u0432\u043e\u0441\u0445\u043e\u0434\u043d\u044b\u0439. \u041c\u044b \u0431\u044b\u043b\u0438 \u043e\u0447\u0435\u043d\u044c \u0443\u0434\u0438\u0432\u043b\u0435\u043d\u044b \u0438 \u043e\u0431\u0440\u0430\u0434\u043e\u0432\u0430\u043d\u044b, \u0447\u0442\u043e \u0432 \u041b\u0430\u0442\u0433\u0430\u043b\u0438\u0438 \u0435\u0441\u0442\u044c \u0442\u0430\u043a\u043e\u0435 \u0437\u0430\u043c\u0435\u0447\u0430\u0442\u0435\u043b\u044c\u043d\u043e\u0435 \u043c\u0435\u0441\u0442\u043e \u0434\u043b\u044f \u043f\u0440\u043e\u0436\u0438\u0432\u0430\u043d\u0438\u044f. \u041c\u044b \u043e\u0431\u044f\u0437\u0430\u0442\u0435\u043b\u044c\u043d\u043e \u0432\u0435\u0440\u043d\u0435\u043c\u0441\u044f \u0438 \u0431\u0443\u0434\u0435\u043c \u0440\u0435\u043a\u043e\u043c\u0435\u043d\u0434\u043e\u0432\u0430\u0442\u044c \u0435\u0433\u043e \u043d\u0430\u0448\u0438\u043c \u0434\u0440\u0443\u0437\u044c\u044f\u043c.\t\t\t\t\t<\/div>\n\t\t\t\t<\/div>\n\t\t\t\t\t<\/div>\n\t\t\t\t\t\t\t\t<\/div>\n\t\t\t\t\t\t\t\t\t\t\t<div class=\"swiper-slide\" role=\"group\" aria-roledescription=\"slide\">\n\t\t\t\t\t\t\t\t\t<div class=\"elementor-testimonial elementor-repeater-item-79a9e89\">\n\t\t\t\t\t\t\t<div class=\"elementor-testimonial__header\">\n\t\t\t\t\t\t\t\t\t\t<cite class=\"elementor-testimonial__cite\"><span class=\"elementor-testimonial__name\">\u041c\u0430\u0439\u044f \u041a\u043e\u043a\u0438\u043d\u0430<\/span><div class=\"elementor-star-rating\"><i class=\"elementor-star-full\">&#9733;<\/i><i class=\"elementor-star-full\">&#9733;<\/i><i class=\"elementor-star-full\">&#9733;<\/i><i class=\"elementor-star-full\">&#9733;<\/i><i class=\"elementor-star-full\">&#9733;<\/i><\/div><\/cite>\t\t\t\t\t<div class=\"elementor-testimonial__icon elementor-icon elementor-icon-\" aria-label=\"\u0427\u0438\u0442\u0430\u0439 \u0435\u0449\u0451\" data-no-translation-aria-label=\"\"><\/div>\t\t\t\t<\/div>\n\t\t\t\t\t\t\t\t\t\t<div class=\"elementor-testimonial__content\">\n\t\t\t\t\t<div class=\"elementor-testimonial__text\">\n\t\t\t\t\t\t\u0412\u0441\u0435 \u043d\u0430 \u0432\u044b\u0441\u0448\u0435\u043c \u0443\u0440\u043e\u0432\u043d\u0435! \u041e\u0442\u043b\u0438\u0447\u043d\u044b\u0439 \u0432\u043a\u0443\u0441 \u0438 \u043a\u0430\u0447\u0435\u0441\u0442\u0432\u043e! \u0418 \u0442\u0430\u043c \u0434\u0435\u0439\u0441\u0442\u0432\u0438\u0442\u0435\u043b\u044c\u043d\u043e \u0436\u0438\u0432\u0435\u0442 \u043b\u044e\u0431\u043e\u0432\u044c!\t\t\t\t\t<\/div>\n\t\t\t\t<\/div>\n\t\t\t\t\t<\/div>\n\t\t\t\t\t\t\t\t<\/div>\n\t\t\t\t\t\t\t\t\t<\/div>\n\t\t\t\t\t\t\t\t\t\t\t\t\t\t\t<div class=\"elementor-swiper-button elementor-swiper-button-prev\" role=\"button\" tabindex=\"0\" aria-label=\"\u041f\u0440\u0435\u0434\u044b\u0434\u0443\u0449\u0430\u044f\" data-no-translation-aria-label=\"\">\n\t\t\t\t\t\t\t<svg aria-hidden=\"true\" class=\"e-font-icon-svg e-eicon-chevron-left\" viewbox=\"0 0 1000 1000\" xmlns=\"http:\/\/www.w3.org\/2000\/svg\"><path d=\"M646 125C629 125 613 133 604 142L308 442C296 454 292 471 292 487 292 504 296 521 308 533L604 854C617 867 629 875 646 875 663 875 679 871 692 858 704 846 713 829 713 812 713 796 708 779 692 767L438 487 692 225C700 217 708 204 708 187 708 171 704 154 692 142 675 129 663 125 646 125Z\"><\/path><\/svg>\t\t\t\t\t\t<\/div>\n\t\t\t\t\t\t<div class=\"elementor-swiper-button elementor-swiper-button-next\" role=\"button\" tabindex=\"0\" aria-label=\"\u0421\u043b\u0435\u0434\u0443\u044e\u0449\u0430\u044f\" data-no-translation-aria-label=\"\">\n\t\t\t\t\t\t\t<svg aria-hidden=\"true\" class=\"e-font-icon-svg e-eicon-chevron-right\" viewbox=\"0 0 1000 1000\" xmlns=\"http:\/\/www.w3.org\/2000\/svg\"><path d=\"M696 533C708 521 713 504 713 487 713 471 708 454 696 446L400 146C388 133 375 125 354 125 338 125 325 129 313 142 300 154 292 171 292 187 292 204 296 221 308 233L563 492 304 771C292 783 288 800 288 817 288 833 296 850 308 863 321 871 338 875 354 875 371 875 388 867 400 854L696 533Z\"><\/path><\/svg>\t\t\t\t\t\t<\/div>\n\t\t\t\t\t\t\t\t\t\t\t\t\t\t\t\t<div class=\"swiper-pagination\"><\/div>\n\t\t\t\t\t\t\t\t\t\t\t\t<\/div>\n\t\t\t\t<\/div>\n\t\t\t\t\t\t\t\t<\/div>\n\t\t\t\t<\/div>\n\t\t\t\t\t<\/div>\n\t\t<\/div>\n\t\t\t\t\t<\/div>\n\t\t<\/section>\n\t\t\t\t\t<\/div>\n\t\t<\/div>\n\t\t\t\t\t<\/div>\n\t\t<\/section>\n\t\t\t\t<\/div>","protected":false},"excerpt":{"rendered":"<p>Pavadi neaizmirstamus br\u012b\u017eus kop\u0101 ar mums! KARINA HOME pakalpojumi Kompleksa noma Restor\u0101ns SPA &#8211; mas\u0101\u017eas Atsauksmes Stanislava Batar\u0101ga\u2605\u2605\u2605\u2605\u2605 Read More \u0421\u0435\u0433\u043e\u0434\u043d\u044f \u0441 \u0441\u0435\u043c\u044c\u0435\u0439 \u043f\u0440\u0430\u0437\u0434\u043d\u043e\u0432\u0430\u043b\u0438 \u0412 Karina home \u0414\u0435\u043d\u044c \u043c\u0430\u0442\u0435\u0440\u0438, \u043c\u043e\u0439 \u0434\u0435\u043d\u044c \u0440\u043e\u0436\u0434\u0435\u043d\u0438\u044f \u0438 \u0438\u043c\u0435\u043d\u0438\u043d\u044b. \u0412\u0441\u0451 \u0442\u0430\u043a \u0443\u0434\u0430\u0447\u043d\u043e \u0441\u043e\u0432\u043f\u0430\u043b\u043e. \u0411\u044b\u043b\u0438 \u0437\u0434\u0435\u0441\u044c \u0432 \u043f\u0435\u0440\u0432\u044b\u0439 \u0440\u0430\u0437. \u0412\u0441\u0435 \u043e\u0441\u0442\u0430\u043b\u0438\u0441\u044c \u043e\u0447\u0435\u043d\u044c \u0434\u043e\u0432\u043e\u043b\u044c\u043d\u044b. \u0421\u043e\u0432\u0440\u0435\u043c\u0435\u043d\u043d\u044b\u0439, \u0441\u0442\u0438\u043b\u044c\u043d\u044b\u0439 \u0438\u043d\u0442\u0435\u0440\u044c\u0435\u0440, \u0432\u043a\u0443\u0441\u043d\u0430\u044f \u0438 \u043a\u0440\u0430\u0441\u0438\u0432\u0430\u044f \u0435\u0434\u0430, \u0432\u0435\u0436\u043b\u0438\u0432\u043e\u0435 [&hellip;]<\/p>\n","protected":false},"author":1,"featured_media":0,"parent":0,"menu_order":0,"comment_status":"closed","ping_status":"closed","template":"elementor_header_footer","meta":{"footnotes":""},"class_list":["post-328","page","type-page","status-publish","hentry"],"_links":{"self":[{"href":"https:\/\/www.karinahome.lv\/ru\/wp-json\/wp\/v2\/pages\/328","targetHints":{"allow":["GET"]}}],"collection":[{"href":"https:\/\/www.karinahome.lv\/ru\/wp-json\/wp\/v2\/pages"}],"about":[{"href":"https:\/\/www.karinahome.lv\/ru\/wp-json\/wp\/v2\/types\/page"}],"author":[{"embeddable":true,"href":"https:\/\/www.karinahome.lv\/ru\/wp-json\/wp\/v2\/users\/1"}],"replies":[{"embeddable":true,"href":"https:\/\/www.karinahome.lv\/ru\/wp-json\/wp\/v2\/comments?post=328"}],"version-history":[{"count":6,"href":"https:\/\/www.karinahome.lv\/ru\/wp-json\/wp\/v2\/pages\/328\/revisions"}],"predecessor-version":[{"id":4492,"href":"https:\/\/www.karinahome.lv\/ru\/wp-json\/wp\/v2\/pages\/328\/revisions\/4492"}],"wp:attachment":[{"href":"https:\/\/www.karinahome.lv\/ru\/wp-json\/wp\/v2\/media?parent=328"}],"curies":[{"name":"wp","href":"https:\/\/api.w.org\/{rel}","templated":true}]}}